{"id":1310,"date":"2022-04-07T13:46:19","date_gmt":"2022-04-07T13:46:19","guid":{"rendered":"http:\/\/blueklima.hu\/?post_type=product&#038;p=1310"},"modified":"2025-02-21T22:23:25","modified_gmt":"2025-02-21T22:23:25","slug":"daikin-perfera-ftxm50r-rxm50r","status":"publish","type":"product","link":"https:\/\/blueklima.hu\/?product=daikin-perfera-ftxm50r-rxm50r","title":{"rendered":"DAIKIN PERFERA FTXM50A9-RXM50A9"},"content":{"rendered":"<table class=\"parameter-table table m-0\" style=\"height: 451px;\" width=\"540\">\n<tbody>\n<tr>\n<td>H\u0171tend\u0151 ter\u00fclet m2-ben<\/td>\n<td><strong>35-55<\/strong><\/td>\n<\/tr>\n<tr>\n<td>H\u0171t\u0151teljes\u00edtm\u00e9ny<\/td>\n<td><strong>5 kW<\/strong><\/td>\n<\/tr>\n<tr>\n<td>F\u0171t\u0151teljes\u00edtm\u00e9ny<\/td>\n<td><strong>5,8 kW<\/strong><\/td>\n<\/tr>\n<tr>\n<td>SEER\/SCOP<\/td>\n<td><strong>7,33\/4,6<\/strong><\/td>\n<\/tr>\n<tr>\n<td>Energiaoszt\u00e1ly<\/td>\n<td><strong>&#8222;A++&#8221;<\/strong><\/td>\n<\/tr>\n<tr>\n<td>Belt\u00e9ri egys\u00e9g m\u00e9rete (sz\u00e9lxm\u00e9lyxmag)<\/td>\n<td><strong>1040x295x300 mm<\/strong><\/td>\n<\/tr>\n<tr>\n<td>K\u00fclt\u00e9ri egys\u00e9g m\u00e9rete (sz\u00e9lxm\u00e9lyxmag)<\/td>\n<td><strong>825x300x735 mm<\/strong><\/td>\n<\/tr>\n<tr>\n<td>Belt\u00e9ri egys\u00e9g zajszint<\/td>\n<td><strong>34-46 dB(A)<\/strong><\/td>\n<\/tr>\n<tr>\n<td>K\u00fclt\u00e9ri egys\u00e9g zajszint<\/td>\n<td><strong>49 dB(A)<\/strong><\/td>\n<\/tr>\n<tr>\n<td>Belt\u00e9ri egys\u00e9g s\u00falya<\/td>\n<td><strong>14,5 kg<\/strong><\/td>\n<\/tr>\n<tr>\n<td>K\u00fclt\u00e9ri egys\u00e9g s\u00falya<\/td>\n<td><strong>47 kg<\/strong><\/td>\n<\/tr>\n<tr>\n<td>H\u0171t\u0151k\u00f6zeg<\/td>\n<td><strong>R32<\/strong><\/td>\n<\/tr>\n<tr>\n<td>Cs\u0151m\u00e9ret folyad\u00e9k<\/td>\n<td><strong>6 mm<\/strong><\/td>\n<\/tr>\n<tr>\n<td>Cs\u0151m\u00e9ret g\u00e1z<\/td>\n<td><strong>12 mm<\/strong><\/td>\n<\/tr>\n<tr>\n<td>H\u0171t\u0151\/f\u0171t\u0151<\/td>\n<td><strong>Igen<\/strong><\/td>\n<\/tr>\n<\/tbody>\n<\/table>\n","protected":false},"excerpt":{"rendered":"<table class=\"parameter_table\">\n<tbody>\n<tr class=\"odd\">\n<td><strong>H\u0171tend\u0151 ter\u00fclet m2-ben<\/strong><\/td>\n<td>35-55<\/td>\n<\/tr>\n<tr class=\"even\">\n<td><strong>H\u0171t\u0151teljes\u00edtm\u00e9ny<\/strong><\/td>\n<td>5 kW<\/td>\n<\/tr>\n<tr class=\"odd\">\n<td><strong>F\u0171t\u0151teljes\u00edtm\u00e9ny<\/strong><\/td>\n<td>5,8 kW<\/td>\n<\/tr>\n<tr class=\"even\">\n<td><strong>SEER\/SCOP<\/strong><\/td>\n<td>7,33\/4,6<\/td>\n<\/tr>\n<tr class=\"odd\">\n<td><strong>Energiaoszt\u00e1ly<\/strong><\/td>\n<td>&#8222;A++&#8221;<\/td>\n<\/tr>\n<tr class=\"even\">\n<td><\/td>\n<td><\/td>\n<\/tr>\n<tr class=\"odd\">\n<td><\/td>\n<td><\/td>\n<\/tr>\n<tr class=\"even\">\n<td><\/td>\n<td><\/td>\n<\/tr>\n<tr class=\"odd\">\n<td><\/td>\n<td><\/td>\n<\/tr>\n<tr class=\"even\">\n<td><\/td>\n<td><\/td>\n<\/tr>\n<tr class=\"odd\">\n<td><\/td>\n<td><\/td>\n<\/tr>\n<tr class=\"even\">\n<td><strong>H\u0171t\u0151k\u00f6zeg<\/strong><\/td>\n<td>R32<\/td>\n<\/tr>\n<tr class=\"odd\">\n<td><\/td>\n<td><\/td>\n<\/tr>\n<tr class=\"even\">\n<td><\/td>\n<td><\/td>\n<\/tr>\n<tr class=\"odd\">\n<td><\/td>\n<td><\/td>\n<\/tr>\n<\/tbody>\n<\/table>\n","protected":false},"featured_media":1406,"comment_status":"open","ping_status":"closed","template":"","meta":[],"product_brand":[],"product_cat":[19],"product_tag":[26],"class_list":{"0":"post-1310","1":"product","2":"type-product","3":"status-publish","4":"has-post-thumbnail","6":"product_cat-klima-daikin","7":"product_tag-daikin","9":"first","10":"instock","11":"shipping-taxable","12":"purchasable","13":"product-type-simple"},"_links":{"self":[{"href":"https:\/\/blueklima.hu\/index.php?rest_route=\/wp\/v2\/product\/1310","targetHints":{"allow":["GET"]}}],"collection":[{"href":"https:\/\/blueklima.hu\/index.php?rest_route=\/wp\/v2\/product"}],"about":[{"href":"https:\/\/blueklima.hu\/index.php?rest_route=\/wp\/v2\/types\/product"}],"replies":[{"embeddable":true,"href":"https:\/\/blueklima.hu\/index.php?rest_route=%2Fwp%2Fv2%2Fcomments&post=1310"}],"wp:featuredmedia":[{"embeddable":true,"href":"https:\/\/blueklima.hu\/index.php?rest_route=\/wp\/v2\/media\/1406"}],"wp:attachment":[{"href":"https:\/\/blueklima.hu\/index.php?rest_route=%2Fwp%2Fv2%2Fmedia&parent=1310"}],"wp:term":[{"taxonomy":"product_brand","embeddable":true,"href":"https:\/\/blueklima.hu\/index.php?rest_route=%2Fwp%2Fv2%2Fproduct_brand&post=1310"},{"taxonomy":"product_cat","embeddable":true,"href":"https:\/\/blueklima.hu\/index.php?rest_route=%2Fwp%2Fv2%2Fproduct_cat&post=1310"},{"taxonomy":"product_tag","embeddable":true,"href":"https:\/\/blueklima.hu\/index.php?rest_route=%2Fwp%2Fv2%2Fproduct_tag&post=1310"}],"curies":[{"name":"wp","href":"https:\/\/api.w.org\/{rel}","templated":true}]}}