{"id":1344,"date":"2025-02-15T20:13:32","date_gmt":"2025-02-15T20:13:32","guid":{"rendered":"https:\/\/blueklima.hu\/?post_type=product&#038;p=1344"},"modified":"2025-02-16T17:11:12","modified_gmt":"2025-02-16T17:11:12","slug":"eco-kl-sorozat-aseh09klta-aoeh09klta-uj-r32-wifi-opcioval-masolat","status":"publish","type":"product","link":"https:\/\/blueklima.hu\/?product=eco-kl-sorozat-aseh09klta-aoeh09klta-uj-r32-wifi-opcioval-masolat","title":{"rendered":"ECO KL sorozat ASYG18KLCA\/AOYG18KLTA \/\/ \u00daj R32  wifi opci\u00f3val\/\/"},"content":{"rendered":"<p>Garancia: 10 \u00e9v<br \/>\nM\u00e1rka: Fujitsu<br \/>\nKivitel: Kl\u00edma szett<br \/>\nSzerel\u00e9si poz\u00edci\u00f3: Oldalfali<br \/>\nH\u0171t\u0151teljes\u00edtm\u00e9ny: 5,2 kW<br \/>\nF\u0171t\u0151teljes\u00edtm\u00e9ny: 6,3 kW<br \/>\nH\u0171t\u00e9si energiaoszt\u00e1ly: A++<br \/>\nF\u0171t\u00e9si energiaoszt\u00e1ly: A+<br \/>\nH\u0171t\u00e9si hat\u00e1sfok (SEER): 7,2<br \/>\nF\u0171t\u00e9si hat\u00e1sfok (SCOP): 4,3<br \/>\nH\u0171t\u0151k\u00f6zeg t\u00edpusa: R32<br \/>\nM\u0171k\u00f6d\u00e9si tartom\u00e1ny (h\u0171t\u00e9s): -10 \u2013 46 \u00b0C<br \/>\nM\u0171k\u00f6d\u00e9si tartom\u00e1ny (f\u0171t\u00e9s): -15 \u2013 24 \u00b0C<br \/>\nBelt\u00e9ri zajszint (min-max): 35 \u2013 47 dB(A)<br \/>\nK\u00fclt\u00e9ri zajszint (min-max): 50 \u2013 50 dB(A)<br \/>\nBelt\u00e9ri m\u00e9retei (mm): 784 x 270 x 224<br \/>\nK\u00fclt\u00e9ri m\u00e9retei (mm): 799 x 293 x 249<br \/>\nH\u00e1l\u00f3zati \u00e1ram: 230 V, 1 f\u00e1zis<\/p>\n","protected":false},"excerpt":{"rendered":"<div class=\"col-sm-6 col-md-12 spec-param-right\">\n<div id=\"page_artdet_product_param_spec_5499990\" class=\"artdet__spec-param py-2 product_param_type_num\">\n<div class=\"row gutters-10 align-items-center\">\n<h2 class=\"artdet__spec-param-title\"><span class=\"param-name\">Garancia: 10 \u00e9v<\/span><\/h2>\n<div class=\"col-sm-6 col-md-12 spec-param-right\">\n<div id=\"page_artdet_product_param_spec_5500000\" class=\"artdet__spec-param py-2 product_param_type_enum\">\n<div class=\"row gutters-10 align-items-center\">\n<div class=\"col-6\">\n<h3 class=\"artdet__spec-param-title\"><span class=\"param-name\">H\u0171t\u00e9si energiaoszt\u00e1ly<\/span>: A++<\/h3>\n<\/div>\n<\/div>\n<\/div>\n<\/div>\n<div class=\"col-sm-6 col-md-12 spec-param-left\">\n<div id=\"page_artdet_product_param_spec_5500005\" class=\"artdet__spec-param py-2 product_param_type_enum\">\n<div class=\"row gutters-10 align-items-center\">\n<div class=\"col-6\">\n<h3 class=\"artdet__spec-param-title\"><span class=\"param-name\">F\u0171t\u00e9si energiaoszt\u00e1ly<\/span>: A+<\/h3>\n<\/div>\n<\/div>\n<\/div>\n<\/div>\n<\/div>\n<\/div>\n<\/div>\n","protected":false},"featured_media":1339,"comment_status":"open","ping_status":"closed","template":"","meta":[],"product_brand":[],"product_cat":[20],"product_tag":[23],"class_list":{"0":"post-1344","1":"product","2":"type-product","3":"status-publish","4":"has-post-thumbnail","6":"product_cat-klima-fujitsu","7":"product_tag-fujitsu","9":"first","10":"instock","11":"shipping-taxable","12":"purchasable","13":"product-type-simple"},"_links":{"self":[{"href":"https:\/\/blueklima.hu\/index.php?rest_route=\/wp\/v2\/product\/1344","targetHints":{"allow":["GET"]}}],"collection":[{"href":"https:\/\/blueklima.hu\/index.php?rest_route=\/wp\/v2\/product"}],"about":[{"href":"https:\/\/blueklima.hu\/index.php?rest_route=\/wp\/v2\/types\/product"}],"replies":[{"embeddable":true,"href":"https:\/\/blueklima.hu\/index.php?rest_route=%2Fwp%2Fv2%2Fcomments&post=1344"}],"wp:featuredmedia":[{"embeddable":true,"href":"https:\/\/blueklima.hu\/index.php?rest_route=\/wp\/v2\/media\/1339"}],"wp:attachment":[{"href":"https:\/\/blueklima.hu\/index.php?rest_route=%2Fwp%2Fv2%2Fmedia&parent=1344"}],"wp:term":[{"taxonomy":"product_brand","embeddable":true,"href":"https:\/\/blueklima.hu\/index.php?rest_route=%2Fwp%2Fv2%2Fproduct_brand&post=1344"},{"taxonomy":"product_cat","embeddable":true,"href":"https:\/\/blueklima.hu\/index.php?rest_route=%2Fwp%2Fv2%2Fproduct_cat&post=1344"},{"taxonomy":"product_tag","embeddable":true,"href":"https:\/\/blueklima.hu\/index.php?rest_route=%2Fwp%2Fv2%2Fproduct_tag&post=1344"}],"curies":[{"name":"wp","href":"https:\/\/api.w.org\/{rel}","templated":true}]}}