{"id":1368,"date":"2025-02-16T18:20:46","date_gmt":"2025-02-16T18:20:46","guid":{"rendered":"https:\/\/blueklima.hu\/?post_type=product&#038;p=1368"},"modified":"2025-02-21T22:21:35","modified_gmt":"2025-02-21T22:21:35","slug":"daikin-perfera-ftxm42a9-rxm42a9","status":"publish","type":"product","link":"https:\/\/blueklima.hu\/?product=daikin-perfera-ftxm42a9-rxm42a9","title":{"rendered":"DAIKIN PERFERA FTXM42A9-RXM42A9"},"content":{"rendered":"<table class=\"parameter-table table m-0\" style=\"height: 448px;\" width=\"510\">\n<tbody>\n<tr>\n<td>H\u0171tend\u0151 ter\u00fclet m2-ben<\/td>\n<td><strong>30-45<\/strong><\/td>\n<\/tr>\n<tr>\n<td>H\u0171t\u0151teljes\u00edtm\u00e9ny<\/td>\n<td><strong>4,2 kW<\/strong><\/td>\n<\/tr>\n<tr>\n<td>F\u0171t\u0151teljes\u00edtm\u00e9ny<\/td>\n<td><strong>5,4 kW<\/strong><\/td>\n<\/tr>\n<tr>\n<td>SEER\/SCOP<\/td>\n<td><strong>7,5\/4,6<\/strong><\/td>\n<\/tr>\n<tr>\n<td>Energiaoszt\u00e1ly<\/td>\n<td><strong>&#8222;A++&#8221;<\/strong><\/td>\n<\/tr>\n<tr>\n<td>Belt\u00e9ri egys\u00e9g m\u00e9rete (sz\u00e9lxm\u00e9lyxmag)<\/td>\n<td><strong>811x272x294 mm<\/strong><\/td>\n<\/tr>\n<tr>\n<td>K\u00fclt\u00e9ri egys\u00e9g m\u00e9rete (sz\u00e9lxm\u00e9lyxmag)<\/td>\n<td><strong>825x300x735 mm<\/strong><\/td>\n<\/tr>\n<tr>\n<td>Belt\u00e9ri egys\u00e9g zajszint<\/td>\n<td><strong>21-45 dB(A)<\/strong><\/td>\n<\/tr>\n<tr>\n<td>K\u00fclt\u00e9ri egys\u00e9g zajszint<\/td>\n<td><strong>47 dB(A)<\/strong><\/td>\n<\/tr>\n<tr>\n<td>Belt\u00e9ri egys\u00e9g s\u00falya<\/td>\n<td><strong>10 kg<\/strong><\/td>\n<\/tr>\n<tr>\n<td>K\u00fclt\u00e9ri egys\u00e9g s\u00falya<\/td>\n<td><strong>47 kg<\/strong><\/td>\n<\/tr>\n<tr>\n<td>H\u0171t\u0151k\u00f6zeg<\/td>\n<td><strong>R32<\/strong><\/td>\n<\/tr>\n<tr>\n<td>Cs\u0151m\u00e9ret folyad\u00e9k<\/td>\n<td><strong>6 mm<\/strong><\/td>\n<\/tr>\n<tr>\n<td>Cs\u0151m\u00e9ret g\u00e1z<\/td>\n<td><strong>12 mm<\/strong><\/td>\n<\/tr>\n<tr>\n<td>H\u0171t\u0151\/f\u0171t\u0151<\/td>\n<td><strong>Igen<\/strong><\/td>\n<\/tr>\n<\/tbody>\n<\/table>\n","protected":false},"excerpt":{"rendered":"<table class=\"parameter-table table m-0\">\n<tbody>\n<tr>\n<td>Energiaoszt\u00e1ly<\/td>\n<td><strong>&#8222;A++&#8221;<\/strong><\/td>\n<\/tr>\n<\/tbody>\n<\/table>\n<table class=\"parameter-table table m-0\">\n<tbody>\n<tr>\n<td>K\u00fclt\u00e9ri egys\u00e9g zajszint<\/td>\n<td><strong>47 dB(A)<\/strong><\/td>\n<\/tr>\n<\/tbody>\n<\/table>\n","protected":false},"featured_media":1406,"comment_status":"open","ping_status":"closed","template":"","meta":[],"product_brand":[],"product_cat":[19],"product_tag":[26],"class_list":{"0":"post-1368","1":"product","2":"type-product","3":"status-publish","4":"has-post-thumbnail","6":"product_cat-klima-daikin","7":"product_tag-daikin","9":"first","10":"instock","11":"shipping-taxable","12":"purchasable","13":"product-type-simple"},"_links":{"self":[{"href":"https:\/\/blueklima.hu\/index.php?rest_route=\/wp\/v2\/product\/1368","targetHints":{"allow":["GET"]}}],"collection":[{"href":"https:\/\/blueklima.hu\/index.php?rest_route=\/wp\/v2\/product"}],"about":[{"href":"https:\/\/blueklima.hu\/index.php?rest_route=\/wp\/v2\/types\/product"}],"replies":[{"embeddable":true,"href":"https:\/\/blueklima.hu\/index.php?rest_route=%2Fwp%2Fv2%2Fcomments&post=1368"}],"wp:featuredmedia":[{"embeddable":true,"href":"https:\/\/blueklima.hu\/index.php?rest_route=\/wp\/v2\/media\/1406"}],"wp:attachment":[{"href":"https:\/\/blueklima.hu\/index.php?rest_route=%2Fwp%2Fv2%2Fmedia&parent=1368"}],"wp:term":[{"taxonomy":"product_brand","embeddable":true,"href":"https:\/\/blueklima.hu\/index.php?rest_route=%2Fwp%2Fv2%2Fproduct_brand&post=1368"},{"taxonomy":"product_cat","embeddable":true,"href":"https:\/\/blueklima.hu\/index.php?rest_route=%2Fwp%2Fv2%2Fproduct_cat&post=1368"},{"taxonomy":"product_tag","embeddable":true,"href":"https:\/\/blueklima.hu\/index.php?rest_route=%2Fwp%2Fv2%2Fproduct_tag&post=1368"}],"curies":[{"name":"wp","href":"https:\/\/api.w.org\/{rel}","templated":true}]}}