{"id":377,"date":"2022-03-30T12:26:27","date_gmt":"2022-03-30T12:26:27","guid":{"rendered":"http:\/\/blueklima.hu\/?post_type=product&#038;p=377"},"modified":"2025-02-21T21:08:10","modified_gmt":"2025-02-21T21:08:10","slug":"gree-comfort-x-gwh12acc","status":"publish","type":"product","link":"https:\/\/blueklima.hu\/?product=gree-comfort-x-gwh12acc","title":{"rendered":"COMFORT PRO GWH12ACC"},"content":{"rendered":"<div class=\"col-sm-6 col-md-12 spec-param-left\">\n<div id=\"page_artdet_product_param_spec_5499730\" class=\"artdet__spec-param py-2 product_param_type_num\">\n<div class=\"row gutters-10 align-items-center\">\n<div class=\"col-6\">\n<div class=\"artdet__spec-param-title\"><span class=\"param-name\">Garancia<\/span>: 10 \u00e9v<\/div>\n<\/div>\n<\/div>\n<\/div>\n<\/div>\n<div class=\"col-sm-6 col-md-12 spec-param-right\">\n<div id=\"page_artdet_product_param_spec_5499740\" class=\"artdet__spec-param py-2 product_param_type_enum\">\n<div class=\"row gutters-10 align-items-center\">\n<div class=\"col-6\">\n<div class=\"artdet__spec-param-title\"><span class=\"param-name\">Kivitel<\/span>: Kl\u00edma szett<\/div>\n<\/div>\n<\/div>\n<\/div>\n<\/div>\n<div class=\"col-sm-6 col-md-12 spec-param-left\">\n<div id=\"page_artdet_product_param_spec_5499750\" class=\"artdet__spec-param py-2 product_param_type_enum\">\n<div class=\"row gutters-10 align-items-center\">\n<div class=\"col-6\">\n<div class=\"artdet__spec-param-title\"><span class=\"param-name\">Szerel\u00e9si poz\u00edci\u00f3<\/span>: Oldalfali<\/div>\n<\/div>\n<\/div>\n<\/div>\n<\/div>\n<div class=\"col-sm-6 col-md-12 spec-param-right\">\n<div id=\"page_artdet_product_param_spec_5499990\" class=\"artdet__spec-param py-2 product_param_type_num\">\n<div class=\"row gutters-10 align-items-center\">\n<div class=\"col-6\">\n<div class=\"artdet__spec-param-title\"><span class=\"param-name\">H\u0171t\u0151teljes\u00edtm\u00e9ny<\/span>: 3,5 kW<\/div>\n<\/div>\n<\/div>\n<\/div>\n<\/div>\n<div class=\"col-sm-6 col-md-12 spec-param-left\">\n<div id=\"page_artdet_product_param_spec_5499995\" class=\"artdet__spec-param py-2 product_param_type_num\">\n<div class=\"row gutters-10 align-items-center\">\n<div class=\"col-6\">\n<div class=\"artdet__spec-param-title\"><span class=\"param-name\">F\u0171t\u0151teljes\u00edtm\u00e9ny<\/span>: 3,8 kW<\/div>\n<\/div>\n<\/div>\n<\/div>\n<\/div>\n<div class=\"col-sm-6 col-md-12 spec-param-right\">\n<div id=\"page_artdet_product_param_spec_5500000\" class=\"artdet__spec-param py-2 product_param_type_enum\">\n<div class=\"row gutters-10 align-items-center\">\n<div class=\"col-6\">\n<div class=\"artdet__spec-param-title\"><span class=\"param-name\">H\u0171t\u00e9si energiaoszt\u00e1ly<\/span>: A+++<\/div>\n<\/div>\n<\/div>\n<\/div>\n<\/div>\n<div class=\"col-sm-6 col-md-12 spec-param-left\">\n<div id=\"page_artdet_product_param_spec_5500005\" class=\"artdet__spec-param py-2 product_param_type_enum\">\n<div class=\"row gutters-10 align-items-center\">\n<div class=\"col-6\">\n<div class=\"artdet__spec-param-title\"><span class=\"param-name\">F\u0171t\u00e9si energiaoszt\u00e1ly<\/span>: A++<\/div>\n<\/div>\n<\/div>\n<\/div>\n<\/div>\n<div class=\"col-sm-6 col-md-12 spec-param-right\">\n<div id=\"page_artdet_product_param_spec_5500010\" class=\"artdet__spec-param py-2 product_param_type_num\">\n<div class=\"row gutters-10 align-items-center\">\n<div class=\"col-6\">\n<div class=\"artdet__spec-param-title\"><span class=\"param-name\">H\u0171t\u00e9si hat\u00e1sfok (SEER)<\/span>: 8,5<\/div>\n<\/div>\n<\/div>\n<\/div>\n<\/div>\n<div class=\"col-sm-6 col-md-12 spec-param-left\">\n<div id=\"page_artdet_product_param_spec_5500040\" class=\"artdet__spec-param py-2 product_param_type_num\">\n<div class=\"row gutters-10 align-items-center\">\n<div class=\"col-6\">\n<div class=\"artdet__spec-param-title\"><span class=\"param-name\">F\u0171t\u00e9si hat\u00e1sfok (SCOP)<\/span>: 4,8<\/div>\n<\/div>\n<\/div>\n<\/div>\n<\/div>\n<div class=\"col-sm-6 col-md-12 spec-param-right\">\n<div id=\"page_artdet_product_param_spec_5500045\" class=\"artdet__spec-param py-2 product_param_type_enum\">\n<div class=\"row gutters-10 align-items-center\">\n<div class=\"col-6\">\n<div class=\"artdet__spec-param-title\"><span class=\"param-name\">H\u0171t\u0151k\u00f6zeg t\u00edpusa<\/span>: R32<\/div>\n<\/div>\n<\/div>\n<\/div>\n<\/div>\n<div class=\"col-sm-6 col-md-12 spec-param-left\">\n<div id=\"page_artdet_product_param_spec_5522755\" class=\"artdet__spec-param py-2 product_param_type_interval\">\n<div class=\"row gutters-10 align-items-center\">\n<div class=\"col-6\">\n<div class=\"artdet__spec-param-title\"><span class=\"param-name\">M\u0171k\u00f6d\u00e9si tartom\u00e1ny (h\u0171t\u00e9s)<\/span>: -15 \u2013 50 \u00b0C<\/div>\n<\/div>\n<\/div>\n<\/div>\n<\/div>\n<div class=\"col-sm-6 col-md-12 spec-param-right\">\n<div id=\"page_artdet_product_param_spec_5542610\" class=\"artdet__spec-param py-2 product_param_type_interval\">\n<div class=\"row gutters-10 align-items-center\">\n<div class=\"col-6\">\n<div class=\"artdet__spec-param-title\"><span class=\"param-name\">M\u0171k\u00f6d\u00e9si tartom\u00e1ny (f\u0171t\u00e9s)<\/span>: -25 \u2013 30 \u00b0C<\/div>\n<\/div>\n<\/div>\n<\/div>\n<\/div>\n<div class=\"col-sm-6 col-md-12 spec-param-left\">\n<div id=\"page_artdet_product_param_spec_5544445\" class=\"artdet__spec-param py-2 product_param_type_interval\">\n<div class=\"row gutters-10 align-items-center\">\n<div class=\"col-6\">\n<div class=\"artdet__spec-param-title\"><span class=\"param-name\">Belt\u00e9ri zajszint (min-max)<\/span>: 18 \u2013 43 dB(A)<\/div>\n<\/div>\n<\/div>\n<\/div>\n<\/div>\n<div class=\"col-sm-6 col-md-12 spec-param-right\">\n<div id=\"page_artdet_product_param_spec_5545380\" class=\"artdet__spec-param py-2 product_param_type_interval\">\n<div class=\"row gutters-10 align-items-center\">\n<div class=\"col-6\">\n<div class=\"artdet__spec-param-title\"><span class=\"param-name\">K\u00fclt\u00e9ri zajszint (min-max)<\/span>: 52 \u2013 52 dB(A)<\/div>\n<\/div>\n<\/div>\n<\/div>\n<\/div>\n<div class=\"col-sm-6 col-md-12 spec-param-left\">\n<div id=\"page_artdet_product_param_spec_5500075\" class=\"artdet__spec-param py-2 product_param_type_text\">\n<div class=\"row gutters-10 align-items-center\">\n<div class=\"col-6\">\n<div class=\"artdet__spec-param-title\"><span class=\"param-name\">Belt\u00e9ri m\u00e9retei (mm)<\/span>: 889 x 294 x 212<\/div>\n<\/div>\n<\/div>\n<\/div>\n<\/div>\n<div class=\"col-sm-6 col-md-12 spec-param-right\">\n<div id=\"page_artdet_product_param_spec_5500080\" class=\"artdet__spec-param py-2 product_param_type_text\">\n<div class=\"row gutters-10 align-items-center\">\n<div class=\"col-6\">\n<div class=\"artdet__spec-param-title\"><span class=\"param-name\">K\u00fclt\u00e9ri m\u00e9retei (mm)<\/span>: 802 x 555 x 350<\/div>\n<\/div>\n<\/div>\n<\/div>\n<\/div>\n<div class=\"col-sm-6 col-md-12 spec-param-left\">\n<div id=\"page_artdet_product_param_spec_5500105\" class=\"artdet__spec-param py-2 product_param_type_enum\">\n<div class=\"row gutters-10 align-items-center\">\n<div class=\"col-6\">\n<div class=\"artdet__spec-param-title\"><span class=\"param-name\">H\u00e1l\u00f3zati \u00e1ram<\/span>: 230 V, 1 f\u00e1zis<\/div>\n<\/div>\n<\/div>\n<\/div>\n<\/div>\n","protected":false},"excerpt":{"rendered":"<p>Garancia: 10 \u00e9v Kivitel: Kl\u00edma szett Szerel\u00e9si poz\u00edci\u00f3: Oldalfali H\u0171t\u0151teljes\u00edtm\u00e9ny: 3,5 kW F\u0171t\u0151teljes\u00edtm\u00e9ny: 3,8 kW H\u0171t\u00e9si energiaoszt\u00e1ly: A+++ F\u0171t\u00e9si energiaoszt\u00e1ly: A++ H\u0171t\u00e9si hat\u00e1sfok (SEER): 8,5 F\u0171t\u00e9si hat\u00e1sfok (SCOP): 4,8 H\u0171t\u0151k\u00f6zeg t\u00edpusa: R32 M\u0171k\u00f6d\u00e9si tartom\u00e1ny (h\u0171t\u00e9s): -15 \u2013 50 \u00b0C M\u0171k\u00f6d\u00e9si tartom\u00e1ny (f\u0171t\u00e9s): -25 \u2013 30 \u00b0C Belt\u00e9ri zajszint (min-max): 18 \u2013 43 dB(A) K\u00fclt\u00e9ri zajszint [&hellip;]<\/p>\n","protected":false},"featured_media":378,"comment_status":"open","ping_status":"closed","template":"","meta":[],"product_brand":[],"product_cat":[22],"product_tag":[24],"class_list":{"0":"post-377","1":"product","2":"type-product","3":"status-publish","4":"has-post-thumbnail","6":"product_cat-klima-gree","7":"product_tag-gree","9":"first","10":"instock","11":"shipping-taxable","12":"purchasable","13":"product-type-simple"},"_links":{"self":[{"href":"https:\/\/blueklima.hu\/index.php?rest_route=\/wp\/v2\/product\/377","targetHints":{"allow":["GET"]}}],"collection":[{"href":"https:\/\/blueklima.hu\/index.php?rest_route=\/wp\/v2\/product"}],"about":[{"href":"https:\/\/blueklima.hu\/index.php?rest_route=\/wp\/v2\/types\/product"}],"replies":[{"embeddable":true,"href":"https:\/\/blueklima.hu\/index.php?rest_route=%2Fwp%2Fv2%2Fcomments&post=377"}],"wp:featuredmedia":[{"embeddable":true,"href":"https:\/\/blueklima.hu\/index.php?rest_route=\/wp\/v2\/media\/378"}],"wp:attachment":[{"href":"https:\/\/blueklima.hu\/index.php?rest_route=%2Fwp%2Fv2%2Fmedia&parent=377"}],"wp:term":[{"taxonomy":"product_brand","embeddable":true,"href":"https:\/\/blueklima.hu\/index.php?rest_route=%2Fwp%2Fv2%2Fproduct_brand&post=377"},{"taxonomy":"product_cat","embeddable":true,"href":"https:\/\/blueklima.hu\/index.php?rest_route=%2Fwp%2Fv2%2Fproduct_cat&post=377"},{"taxonomy":"product_tag","embeddable":true,"href":"https:\/\/blueklima.hu\/index.php?rest_route=%2Fwp%2Fv2%2Fproduct_tag&post=377"}],"curies":[{"name":"wp","href":"https:\/\/api.w.org\/{rel}","templated":true}]}}