{"id":406,"date":"2022-03-30T12:33:39","date_gmt":"2022-03-30T12:33:39","guid":{"rendered":"http:\/\/blueklima.hu\/?post_type=product&#038;p=406"},"modified":"2025-02-21T21:39:19","modified_gmt":"2025-02-21T21:39:19","slug":"gree-pulse-gwh18agd","status":"publish","type":"product","link":"https:\/\/blueklima.hu\/?product=gree-pulse-gwh18agd","title":{"rendered":"Gree Pulse GWH18AGD"},"content":{"rendered":"<p>&nbsp;<\/p>\n<table>\n<tbody>\n<tr>\n<td><strong>Kivitel<\/strong><\/td>\n<td>Lakoss\u00e1gi<\/td>\n<\/tr>\n<tr>\n<td><strong>M\u00e1rka<\/strong><\/td>\n<td>Gree<\/td>\n<\/tr>\n<tr>\n<td><strong>Modell n\u00e9v<\/strong><\/td>\n<td>Lomo Plusz<\/td>\n<\/tr>\n<tr>\n<td><strong>Energiaoszt\u00e1ly<\/strong><\/td>\n<td>A++\/A+<\/td>\n<\/tr>\n<tr>\n<td><strong>Zajszint<\/strong><\/td>\n<td>33-45 dB(A)<\/td>\n<\/tr>\n<tr>\n<td><strong>Szobam\u00e9ret<\/strong><\/td>\n<td>31 m2<\/td>\n<\/tr>\n<tr>\n<td><strong>Cs\u0151m\u00e9ret<\/strong><\/td>\n<td>6mm\/10mm<\/td>\n<\/tr>\n<tr>\n<td><strong>H\u0171t\u0151k\u00f6zeg<\/strong><\/td>\n<td>R32<\/td>\n<\/tr>\n<tr>\n<td><strong>Kompresszor<\/strong><\/td>\n<td>Inverter<\/td>\n<\/tr>\n<tr>\n<td><strong>H\u0171t\u0151teljes\u00edtm\u00e9ny<\/strong><\/td>\n<td>4,6 kW<\/td>\n<\/tr>\n<tr>\n<td><strong>F\u0171t\u0151teljes\u00edtm\u00e9ny<\/strong><\/td>\n<td>5,2 kW<\/td>\n<\/tr>\n<tr>\n<td><strong>Extra funkci\u00f3k<\/strong><\/td>\n<td>Wi-Fi 2.4 Ghz, I Feel, Komfort sz\u0171r\u0151k, Cold Plasma<\/td>\n<\/tr>\n<tr>\n<td><strong>Garancia<\/strong><\/td>\n<td>3+2 \u00e9v<\/td>\n<\/tr>\n<\/tbody>\n<\/table>\n","protected":false},"excerpt":{"rendered":"<p>&#8211; Id\u0151z\u00edt\u0151<br \/>\n&#8211; Wi-Fi vez\u00e9rl\u00e9s<br \/>\n&#8211; Infra t\u00e1vir\u00e1ny\u00edt\u00f3<br \/>\n&#8211; Cold Plasma sz\u0171r\u0151<br \/>\n&#8211; LCD kijelz\u0151<br \/>\n&#8211; Egyedi design<br \/>\n&#8211; Turbo funkci\u00f3<br \/>\n&#8211; 8\u00b0C-os temper\u00e1l\u00e1s<br \/>\n&#8211; H\u0171t\u00e9s -15\u00b0C k\u00fcls\u0151 h\u0151m\u00e9rs\u00e9kletig<br \/>\n&#8211; F\u0171t\u00e9s -15\u00b0C k\u00fcls\u0151 h\u0151m\u00e9rs\u00e9kletig<br \/>\n&#8211; Ventil\u00e1tor sebess\u00e9g\u00e9nek be\u00e1ll\u00edt\u00e1sa<br \/>\n&#8211; \u00d3ra be\u00e1ll\u00edt\u00e1s\/kijelz\u00e9s<br \/>\n&#8211; L\u00e9g\u00e1ram ir\u00e1ny\u00e1nak be\u00e1ll\u00edt\u00e1sa<br \/>\n&#8211; T\u00e1vir\u00e1ny\u00edt\u00f3ba integr\u00e1lt h\u0151m\u00e9r\u0151 (I Feel)<\/p>\n","protected":false},"featured_media":407,"comment_status":"open","ping_status":"closed","template":"","meta":[],"product_brand":[],"product_cat":[22],"product_tag":[24],"class_list":{"0":"post-406","1":"product","2":"type-product","3":"status-publish","4":"has-post-thumbnail","6":"product_cat-klima-gree","7":"product_tag-gree","9":"first","10":"instock","11":"shipping-taxable","12":"purchasable","13":"product-type-simple"},"_links":{"self":[{"href":"https:\/\/blueklima.hu\/index.php?rest_route=\/wp\/v2\/product\/406","targetHints":{"allow":["GET"]}}],"collection":[{"href":"https:\/\/blueklima.hu\/index.php?rest_route=\/wp\/v2\/product"}],"about":[{"href":"https:\/\/blueklima.hu\/index.php?rest_route=\/wp\/v2\/types\/product"}],"replies":[{"embeddable":true,"href":"https:\/\/blueklima.hu\/index.php?rest_route=%2Fwp%2Fv2%2Fcomments&post=406"}],"wp:featuredmedia":[{"embeddable":true,"href":"https:\/\/blueklima.hu\/index.php?rest_route=\/wp\/v2\/media\/407"}],"wp:attachment":[{"href":"https:\/\/blueklima.hu\/index.php?rest_route=%2Fwp%2Fv2%2Fmedia&parent=406"}],"wp:term":[{"taxonomy":"product_brand","embeddable":true,"href":"https:\/\/blueklima.hu\/index.php?rest_route=%2Fwp%2Fv2%2Fproduct_brand&post=406"},{"taxonomy":"product_cat","embeddable":true,"href":"https:\/\/blueklima.hu\/index.php?rest_route=%2Fwp%2Fv2%2Fproduct_cat&post=406"},{"taxonomy":"product_tag","embeddable":true,"href":"https:\/\/blueklima.hu\/index.php?rest_route=%2Fwp%2Fv2%2Fproduct_tag&post=406"}],"curies":[{"name":"wp","href":"https:\/\/api.w.org\/{rel}","templated":true}]}}