{"id":418,"date":"2022-03-30T12:36:03","date_gmt":"2022-03-30T12:36:03","guid":{"rendered":"http:\/\/blueklima.hu\/?post_type=product&#038;p=418"},"modified":"2025-02-21T21:57:35","modified_gmt":"2025-02-21T21:57:35","slug":"gree-geh12aa-k6dna1a-konzol-mono-split-klima-3-5-kw","status":"publish","type":"product","link":"https:\/\/blueklima.hu\/?product=gree-geh12aa-k6dna1a-konzol-mono-split-klima-3-5-kw","title":{"rendered":"Gree GEH12AA-K6DNA1A konzol mono split kl\u00edma 3.5 kW"},"content":{"rendered":"<table width=\"855\">\n<tbody>\n<tr>\n<td>Szerel\u00e9si poz\u00edci\u00f3:<\/td>\n<td>Konzol<\/td>\n<\/tr>\n<tr>\n<td>H\u0171t\u0151teljes\u00edtm\u00e9ny (kW):<\/td>\n<td>3.5<\/td>\n<\/tr>\n<tr>\n<td>F\u0171t\u0151teljes\u00edtm\u00e9ny (kW):<\/td>\n<td>3.6<\/td>\n<\/tr>\n<tr>\n<td>H\u0171t\u00e9si energiaoszt\u00e1ly:<\/td>\n<td>A++<\/td>\n<\/tr>\n<tr>\n<td>F\u0171t\u00e9si energiaoszt\u00e1ly:<\/td>\n<td>A+<\/td>\n<\/tr>\n<\/tbody>\n<\/table>\n","protected":false},"excerpt":{"rendered":"<p>Szerel\u00e9si poz\u00edci\u00f3: Konzol H\u0171t\u0151teljes\u00edtm\u00e9ny (kW): 3.5 F\u0171t\u0151teljes\u00edtm\u00e9ny (kW): 3.6 H\u0171t\u00e9si energiaoszt\u00e1ly: A++ F\u0171t\u00e9si energiaoszt\u00e1ly: A+<\/p>\n","protected":false},"featured_media":419,"comment_status":"open","ping_status":"closed","template":"","meta":[],"product_brand":[],"product_cat":[22],"product_tag":[24],"class_list":{"0":"post-418","1":"product","2":"type-product","3":"status-publish","4":"has-post-thumbnail","6":"product_cat-klima-gree","7":"product_tag-gree","9":"first","10":"instock","11":"shipping-taxable","12":"purchasable","13":"product-type-simple"},"_links":{"self":[{"href":"https:\/\/blueklima.hu\/index.php?rest_route=\/wp\/v2\/product\/418","targetHints":{"allow":["GET"]}}],"collection":[{"href":"https:\/\/blueklima.hu\/index.php?rest_route=\/wp\/v2\/product"}],"about":[{"href":"https:\/\/blueklima.hu\/index.php?rest_route=\/wp\/v2\/types\/product"}],"replies":[{"embeddable":true,"href":"https:\/\/blueklima.hu\/index.php?rest_route=%2Fwp%2Fv2%2Fcomments&post=418"}],"wp:featuredmedia":[{"embeddable":true,"href":"https:\/\/blueklima.hu\/index.php?rest_route=\/wp\/v2\/media\/419"}],"wp:attachment":[{"href":"https:\/\/blueklima.hu\/index.php?rest_route=%2Fwp%2Fv2%2Fmedia&parent=418"}],"wp:term":[{"taxonomy":"product_brand","embeddable":true,"href":"https:\/\/blueklima.hu\/index.php?rest_route=%2Fwp%2Fv2%2Fproduct_brand&post=418"},{"taxonomy":"product_cat","embeddable":true,"href":"https:\/\/blueklima.hu\/index.php?rest_route=%2Fwp%2Fv2%2Fproduct_cat&post=418"},{"taxonomy":"product_tag","embeddable":true,"href":"https:\/\/blueklima.hu\/index.php?rest_route=%2Fwp%2Fv2%2Fproduct_tag&post=418"}],"curies":[{"name":"wp","href":"https:\/\/api.w.org\/{rel}","templated":true}]}}