{"id":421,"date":"2022-03-30T12:36:55","date_gmt":"2022-03-30T12:36:55","guid":{"rendered":"http:\/\/blueklima.hu\/?post_type=product&#038;p=421"},"modified":"2025-02-21T21:43:22","modified_gmt":"2025-02-21T21:43:22","slug":"gree-amber-gwh09yd-royal","status":"publish","type":"product","link":"https:\/\/blueklima.hu\/?product=gree-amber-gwh09yd-royal","title":{"rendered":"Gree AMBER GWH09YD ROYAL"},"content":{"rendered":"<p>&nbsp;<\/p>\n<table width=\"1650\">\n<tbody>\n<tr>\n<td width=\"185\">Kivitel<\/td>\n<td width=\"1465\">LAKOSS\u00c1GI<\/td>\n<\/tr>\n<tr>\n<td width=\"185\">M\u00e1rka<\/td>\n<td width=\"1465\">GREE<\/td>\n<\/tr>\n<tr>\n<td width=\"185\">Modell n\u00e9v<\/td>\n<td width=\"1465\">AMBER ROYAL<\/td>\n<\/tr>\n<tr>\n<td width=\"185\">Energiaoszt\u00e1ly<\/td>\n<td width=\"1465\">A+++\/A+++<\/td>\n<\/tr>\n<tr>\n<td width=\"185\">Zajszint<\/td>\n<td width=\"1465\">29-46 DB(A)<\/td>\n<\/tr>\n<tr>\n<td width=\"185\">Szobam\u00e9ret<\/td>\n<td width=\"1465\">18 M2<\/td>\n<\/tr>\n<tr>\n<td width=\"185\">Cs\u0151m\u00e9ret<\/td>\n<td width=\"1465\">6MM\/10MM<\/td>\n<\/tr>\n<tr>\n<td width=\"185\">H\u0171t\u0151k\u00f6zeg<\/td>\n<td width=\"1465\">R32<\/td>\n<\/tr>\n<tr>\n<td width=\"185\">Kompresszor<\/td>\n<td width=\"1465\">INVERTER<\/td>\n<\/tr>\n<tr>\n<td width=\"185\">H\u0171t\u0151teljes\u00edtm\u00e9ny<\/td>\n<td width=\"1465\">2,7 KW<\/td>\n<\/tr>\n<tr>\n<td width=\"185\">F\u0171t\u0151teljes\u00edtm\u00e9ny<\/td>\n<td width=\"1465\">3,5 KW<\/td>\n<\/tr>\n<tr>\n<td width=\"185\">Extra funkci\u00f3k<\/td>\n<td width=\"1465\">2 STAGE COMPRESSOR, 8\u00b0C TEMPER\u00c1L\u00c1S,<\/p>\n<p>GREE+ APP, WI-FI 2.4 GHZ, T\u00c9LIES\u00cdTETT,<\/p>\n<p>I FEEL, 3D L\u00c9G\u00c1RAM, KOMFORT SZ\u0170R\u0150K,<\/p>\n<p>COLD PLASMA, SZERVERH\u0170T\u00c9S<\/td>\n<\/tr>\n<tr>\n<td width=\"185\">Garancia<\/td>\n<td width=\"1465\">3+2 \u00c9V<\/td>\n<\/tr>\n<\/tbody>\n<\/table>\n","protected":false},"excerpt":{"rendered":"<p>&#8211; 3D L\u00c9G\u00c1RAM<\/p>\n<p>&#8211; LCD KIJELZ\u0150<\/p>\n<p>&#8211; CSEPPT\u00c1LCA F\u0170T\u00c9S<\/p>\n<p>&#8211; KARTERF\u0170T\u00c9S<\/p>\n<p>&#8211; COLD PLASMA SZ\u0170R\u0150<\/p>\n<p>&#8211; H\u0170T\u00c9S -18\u00b0C K\u00dcLS\u0150 H\u0150M\u00c9RS\u00c9KLETIG<\/p>\n<p>&#8211; F\u0170T\u00c9S -30\u00b0C K\u00dcLS\u0150 H\u0150M\u00c9RS\u00c9KLETIG<\/p>\n<p>&#8211; K\u00c1RTY\u00c1S KAPCSOL\u00d3 ILLESZTHET\u0150 HOZZ\u00c1<\/p>\n<p>&#8211; V\u00c1LASZTHAT\u00d3 VEZET\u00c9KES \u00c9S INFRA T\u00c1VIR\u00c1NY\u00cdT\u00d3<\/p>\n<p>&#8211; L\u00c9G\u00c1RAM F\u00dcGG\u0150LEGES IR\u00c1NY\u00c1NAK BE\u00c1LL\u00cdT\u00c1SA<\/p>\n<p>&#8211; WI-FI (2,4 GHZ) VEZ\u00c9RL\u00c9S<\/p>\n<p>&#8211; 8\u00b0C-OS TEMPER\u00c1L\u00c1S<\/p>\n<p>&#8211; \u00d3RA BE\u00c1LL\u00cdT\u00c1S\/KIJELZ\u00c9S<\/p>\n<p>&#8211; T\u00c1VIR\u00c1NY\u00cdT\u00d3BA INTEGR\u00c1LT H\u0150M\u00c9R\u0150<\/p>\n","protected":false},"featured_media":422,"comment_status":"open","ping_status":"closed","template":"","meta":[],"product_brand":[],"product_cat":[22],"product_tag":[24],"class_list":{"0":"post-421","1":"product","2":"type-product","3":"status-publish","4":"has-post-thumbnail","6":"product_cat-klima-gree","7":"product_tag-gree","9":"first","10":"instock","11":"shipping-taxable","12":"purchasable","13":"product-type-simple"},"_links":{"self":[{"href":"https:\/\/blueklima.hu\/index.php?rest_route=\/wp\/v2\/product\/421","targetHints":{"allow":["GET"]}}],"collection":[{"href":"https:\/\/blueklima.hu\/index.php?rest_route=\/wp\/v2\/product"}],"about":[{"href":"https:\/\/blueklima.hu\/index.php?rest_route=\/wp\/v2\/types\/product"}],"replies":[{"embeddable":true,"href":"https:\/\/blueklima.hu\/index.php?rest_route=%2Fwp%2Fv2%2Fcomments&post=421"}],"wp:featuredmedia":[{"embeddable":true,"href":"https:\/\/blueklima.hu\/index.php?rest_route=\/wp\/v2\/media\/422"}],"wp:attachment":[{"href":"https:\/\/blueklima.hu\/index.php?rest_route=%2Fwp%2Fv2%2Fmedia&parent=421"}],"wp:term":[{"taxonomy":"product_brand","embeddable":true,"href":"https:\/\/blueklima.hu\/index.php?rest_route=%2Fwp%2Fv2%2Fproduct_brand&post=421"},{"taxonomy":"product_cat","embeddable":true,"href":"https:\/\/blueklima.hu\/index.php?rest_route=%2Fwp%2Fv2%2Fproduct_cat&post=421"},{"taxonomy":"product_tag","embeddable":true,"href":"https:\/\/blueklima.hu\/index.php?rest_route=%2Fwp%2Fv2%2Fproduct_tag&post=421"}],"curies":[{"name":"wp","href":"https:\/\/api.w.org\/{rel}","templated":true}]}}