{"id":449,"date":"2022-03-30T12:41:36","date_gmt":"2022-03-30T12:41:36","guid":{"rendered":"http:\/\/blueklima.hu\/?post_type=product&#038;p=449"},"modified":"2025-02-21T21:56:03","modified_gmt":"2025-02-21T21:56:03","slug":"kazettas-split-gwh12k3fi-gud35t","status":"publish","type":"product","link":"https:\/\/blueklima.hu\/?product=kazettas-split-gwh12k3fi-gud35t","title":{"rendered":"Kazett\u00e1s split GWH12K3FI\/GUD35T"},"content":{"rendered":"<p>&#8211; PROGRAMOZHAT\u00d3<br \/>\n&#8211; HIBAK\u00d3D MEM\u00d3RIA<br \/>\n&#8211; VEZET\u00c9KES \/ INFRA T\u00c1VIR\u00c1NY\u00cdT\u00d3<br \/>\n&#8211; H\u0170T\u0150 -20\u00b0C K\u00dcLS\u0150 H\u0150M\u00c9RS\u00c9KLETIG<br \/>\n&#8211; F\u0170T\u00c9S -20\u00b0C K\u00dcLS\u0150 H\u0150M\u00c9RS\u00c9KLETIG<br \/>\n&#8211; K\u00c1RTY\u00c1S KAPCSOL\u00d3 ILLESZTHET\u0150 HOZZ\u00c1<\/p>\n<table width=\"1650\">\n<tbody>\n<tr>\n<td width=\"185\">Csoport<\/td>\n<td width=\"1465\">KAZETT\u00c1S, U MATCH<\/td>\n<\/tr>\n<tr>\n<td width=\"185\">Kateg\u00f3ri\u00e1k<\/td>\n<td width=\"1465\">KL\u00cdMABERENDEZ\u00c9SEK<\/td>\n<\/tr>\n<tr>\n<td width=\"185\">Kivitel<\/td>\n<td width=\"1465\">KERESKEDELMI<\/td>\n<\/tr>\n<tr>\n<td width=\"185\">M\u00e1rka<\/td>\n<td width=\"1465\">GREE<\/td>\n<\/tr>\n<tr>\n<td width=\"185\">Energiaoszt\u00e1ly<\/td>\n<td width=\"1465\">A++\/A+<\/td>\n<\/tr>\n<tr>\n<td width=\"185\">Zajszint<\/td>\n<td width=\"1465\">40 DB(A)<\/td>\n<\/tr>\n<tr>\n<td width=\"185\">Szobam\u00e9ret<\/td>\n<td width=\"1465\">24 M2<\/td>\n<\/tr>\n<tr>\n<td width=\"185\">Raszter m\u00e9ret<\/td>\n<td width=\"1465\">600\u00d7600 MM<\/td>\n<\/tr>\n<tr>\n<td width=\"185\">H\u0171t\u0151k\u00f6zeg<\/td>\n<td width=\"1465\">R32<\/td>\n<\/tr>\n<tr>\n<td width=\"185\">Kompresszor<\/td>\n<td width=\"1465\">INVERTER<\/td>\n<\/tr>\n<tr>\n<td width=\"185\">H\u0171t\u0151teljes\u00edtm\u00e9ny<\/td>\n<td width=\"1465\">3,5 KW<\/td>\n<\/tr>\n<tr>\n<td width=\"185\">F\u0171t\u0151teljes\u00edtm\u00e9ny<\/td>\n<td width=\"1465\">4 KW<\/td>\n<\/tr>\n<tr>\n<td width=\"185\">Garancia<\/td>\n<td width=\"1465\">3 \u00c9V<\/td>\n<\/tr>\n<\/tbody>\n<\/table>\n","protected":false},"excerpt":{"rendered":"<p>&#8211; PROGRAMOZHAT\u00d3 &#8211; HIBAK\u00d3D MEM\u00d3RIA &#8211; VEZET\u00c9KES \/ INFRA T\u00c1VIR\u00c1NY\u00cdT\u00d3 &#8211; H\u0170T\u0150 -20\u00b0C K\u00dcLS\u0150 H\u0150M\u00c9RS\u00c9KLETIG &#8211; F\u0170T\u00c9S -20\u00b0C K\u00dcLS\u0150 H\u0150M\u00c9RS\u00c9KLETIG &#8211; K\u00c1RTY\u00c1S KAPCSOL\u00d3 ILLESZTHET\u0150 HOZZ\u00c1 Csoport KAZETT\u00c1S, U MATCH Kateg\u00f3ri\u00e1k KL\u00cdMABERENDEZ\u00c9SEK Kivitel KERESKEDELMI M\u00e1rka GREE Energiaoszt\u00e1ly A++\/A+ Zajszint 40 DB(A) Szobam\u00e9ret 24 M2 Raszter m\u00e9ret 600\u00d7600 MM H\u0171t\u0151k\u00f6zeg R32 Kompresszor INVERTER H\u0171t\u0151teljes\u00edtm\u00e9ny 3,5 KW F\u0171t\u0151teljes\u00edtm\u00e9ny [&hellip;]<\/p>\n","protected":false},"featured_media":450,"comment_status":"open","ping_status":"closed","template":"","meta":[],"product_brand":[],"product_cat":[22],"product_tag":[24],"class_list":{"0":"post-449","1":"product","2":"type-product","3":"status-publish","4":"has-post-thumbnail","6":"product_cat-klima-gree","7":"product_tag-gree","9":"first","10":"instock","11":"shipping-taxable","12":"purchasable","13":"product-type-simple"},"_links":{"self":[{"href":"https:\/\/blueklima.hu\/index.php?rest_route=\/wp\/v2\/product\/449","targetHints":{"allow":["GET"]}}],"collection":[{"href":"https:\/\/blueklima.hu\/index.php?rest_route=\/wp\/v2\/product"}],"about":[{"href":"https:\/\/blueklima.hu\/index.php?rest_route=\/wp\/v2\/types\/product"}],"replies":[{"embeddable":true,"href":"https:\/\/blueklima.hu\/index.php?rest_route=%2Fwp%2Fv2%2Fcomments&post=449"}],"wp:featuredmedia":[{"embeddable":true,"href":"https:\/\/blueklima.hu\/index.php?rest_route=\/wp\/v2\/media\/450"}],"wp:attachment":[{"href":"https:\/\/blueklima.hu\/index.php?rest_route=%2Fwp%2Fv2%2Fmedia&parent=449"}],"wp:term":[{"taxonomy":"product_brand","embeddable":true,"href":"https:\/\/blueklima.hu\/index.php?rest_route=%2Fwp%2Fv2%2Fproduct_brand&post=449"},{"taxonomy":"product_cat","embeddable":true,"href":"https:\/\/blueklima.hu\/index.php?rest_route=%2Fwp%2Fv2%2Fproduct_cat&post=449"},{"taxonomy":"product_tag","embeddable":true,"href":"https:\/\/blueklima.hu\/index.php?rest_route=%2Fwp%2Fv2%2Fproduct_tag&post=449"}],"curies":[{"name":"wp","href":"https:\/\/api.w.org\/{rel}","templated":true}]}}