{"id":482,"date":"2022-03-30T13:29:55","date_gmt":"2022-03-30T13:29:55","guid":{"rendered":"http:\/\/blueklima.hu\/?post_type=product&#038;p=482"},"modified":"2025-02-16T18:08:58","modified_gmt":"2025-02-16T18:08:58","slug":"fisher-nordic-futesre-fsai-nord-121de3","status":"publish","type":"product","link":"https:\/\/blueklima.hu\/?product=fisher-nordic-futesre-fsai-nord-121de3","title":{"rendered":"Fisher NORDIC 123DE3\/FSOAI NORD 123DE3 WIFI OPCI\u00d3"},"content":{"rendered":"<table width=\"1710\">\n<tbody>\n<tr>\n<td width=\"482\">H\u0170T\u00c9SI HAT\u00c1SFOK (SEER):<\/td>\n<td width=\"1228\"><strong>9.2<\/strong><\/td>\n<\/tr>\n<tr>\n<td width=\"482\">F\u0170T\u00c9SI HAT\u00c1SFOK (SCOP):<\/td>\n<td width=\"1228\"><strong>5.3<\/strong><\/td>\n<\/tr>\n<tr>\n<td width=\"482\">H\u0170T\u0150K\u00d6ZEG T\u00cdPUSA:<\/td>\n<td width=\"1228\"><strong>R32<\/strong><\/td>\n<\/tr>\n<tr>\n<td width=\"482\">H\u0170T\u0150K\u00d6ZEG T\u00d6LTET:<\/td>\n<td width=\"1228\"><strong>900 g, 5 m felett 12 g\/m<\/strong><\/td>\n<\/tr>\n<tr>\n<td width=\"482\">CO\u2082 EGYEN\u00c9RT\u00c9K (T):<\/td>\n<td width=\"1228\"><strong>0,587<\/strong><\/td>\n<\/tr>\n<tr>\n<td width=\"482\">\u00c1RAMFOGYASZT\u00c1S &#8211; H\u0170T\u00c9S:<\/td>\n<td width=\"1228\"><strong>130 kWh\/\u00e9v<\/strong><\/td>\n<\/tr>\n<tr>\n<td width=\"482\">\u00c1RAMFOGYASZT\u00c1S &#8211; F\u0170T\u00c9S:<\/td>\n<td width=\"1228\"><strong>620 kWh\/\u00e9v<\/strong><\/td>\n<\/tr>\n<tr>\n<td width=\"482\">\u00dcZEMI TELJES\u00cdTM\u00c9NYFELV\u00c9TEL:<\/td>\n<td width=\"1228\"><strong>H\u0171t\u00e9s: 748 W, f\u0171t\u00e9s: 924 W<\/strong><\/td>\n<\/tr>\n<tr>\n<td width=\"482\">\u00dcZEMI \u00c1RAMFELV\u00c9TEL:<\/td>\n<td width=\"1228\"><strong>H\u0171t\u00e9s: 3.25 A. f\u0171t\u00e9s: 4.01 A<\/strong><\/td>\n<\/tr>\n<tr>\n<td width=\"482\">MAX. \u00c1RAMFELV\u00c9TEL:<\/td>\n<td width=\"1228\"><strong>13 A<\/strong><\/td>\n<\/tr>\n<tr>\n<td width=\"482\">ELEKTROMOS CSATLAKOZ\u00c1S:<\/td>\n<td width=\"1228\"><strong>230 V, 1 f\u00e1zis, 50 Hz, C 16A biztos\u00edt\u00e9k<\/strong><\/td>\n<\/tr>\n<tr>\n<td width=\"482\">H\u00c1L\u00d3ZATI BEK\u00d6T\u00c9S:<\/td>\n<td width=\"1228\"><strong>k\u00fclt\u00e9ri 3&#215;2.5 mm<\/strong><\/td>\n<\/tr>\n<tr>\n<td width=\"482\">EGYS\u00c9GEK \u00d6SSZEK\u00d6T\u00c9SE:<\/td>\n<td width=\"1228\"><strong>5&#215;2.5 mm k\u00e1bellel<\/strong><\/td>\n<\/tr>\n<tr>\n<td width=\"482\">MAX. \u00d6SSZ. CS\u0150HOSSZ (M):<\/td>\n<td width=\"1228\"><strong>25<\/strong><\/td>\n<\/tr>\n<tr>\n<td width=\"482\">MAX. SZINTK\u00dcL\u00d6NBS\u00c9G (M):<\/td>\n<td width=\"1228\"><strong>10<\/strong><\/td>\n<\/tr>\n<tr>\n<td width=\"482\">CS\u0150M\u00c9RETEK:<\/td>\n<td width=\"1228\"><strong>6.35\/9.53 mm<\/strong><\/td>\n<\/tr>\n<tr>\n<td width=\"482\">K\u00dcLS\u0150 H\u0150M\u00c9RS\u00c9KLET:<\/td>\n<td width=\"1228\"><strong>H\u0171t\u00e9s: -15 ~ 50\u00b0C, f\u0171t\u00e9s: -30 ~ 30\u00b0C<\/strong><\/td>\n<\/tr>\n<tr>\n<td width=\"482\">BELS\u0150 H\u0150M\u00c9RS\u00c9KLET:<\/td>\n<td width=\"1228\"><strong>H\u0171t\u00e9s: 16 ~ 32\u00b0C, f\u0171t\u00e9s: 0 ~ 30\u00b0C<\/strong><\/td>\n<\/tr>\n<tr>\n<td width=\"482\">BIVALENS H\u0150M\u00c9RS\u00c9KLET:<\/td>\n<td width=\"1228\"><strong>-7\u00b0C<\/strong><\/td>\n<\/tr>\n<tr>\n<td width=\"482\">TERVEZ\u00c9SI H\u0150M\u00c9RS\u00c9KLET (TH):<\/td>\n<td width=\"1228\"><strong>-10\u00b0C<\/strong><\/td>\n<\/tr>\n<tr>\n<td width=\"482\">TH N\u00c9VLEGES F\u0170T\u0150TELJES\u00cdTM\u00c9NY:<\/td>\n<td width=\"1228\"><strong>1.949 kW<\/strong><\/td>\n<\/tr>\n<tr>\n<td width=\"482\">TH SZ\u00dcKS\u00c9GES R\u00c1SEG\u00cdT\u0150-F\u0170T\u00c9S:<\/td>\n<td width=\"1228\"><strong>0.251 kW<\/strong><\/td>\n<\/tr>\n<tr>\n<td width=\"482\">HANGTELJES\u00cdTM\u00c9NYSZINT:<\/td>\n<td width=\"1228\"><strong>Belt\u00e9ri: 59 dB(A), k\u00fclt\u00e9ri: 60 dB(A)<\/strong><\/td>\n<\/tr>\n<tr>\n<td width=\"482\">HANGNYOM\u00c1SSZINT:<\/td>\n<td width=\"1228\"><strong>Belt\u00e9ri: 43\/34\/24 dB(A), k\u00fclt\u00e9ri: ismeretlen dB(A<\/strong><\/td>\n<\/tr>\n<\/tbody>\n<\/table>\n","protected":false},"excerpt":{"rendered":"<p>H\u0170T\u00c9SI HAT\u00c1SFOK (SEER): 9.2 F\u0170T\u00c9SI HAT\u00c1SFOK (SCOP): 5.3 H\u0170T\u0150K\u00d6ZEG T\u00cdPUSA: R32 H\u0170T\u0150K\u00d6ZEG T\u00d6LTET: 900 g, 5 m felett 12 g\/m CO\u2082 EGYEN\u00c9RT\u00c9K (T): 0,587 \u00c1RAMFOGYASZT\u00c1S &#8211; H\u0170T\u00c9S: 130 kWh\/\u00e9v \u00c1RAMFOGYASZT\u00c1S &#8211; F\u0170T\u00c9S: 620 kWh\/\u00e9v \u00dcZEMI TELJES\u00cdTM\u00c9NYFELV\u00c9TEL: H\u0171t\u00e9s: 748 W, f\u0171t\u00e9s: 924 W \u00dcZEMI \u00c1RAMFELV\u00c9TEL: H\u0171t\u00e9s: 3.25 A. f\u0171t\u00e9s: 4.01 A MAX. \u00c1RAMFELV\u00c9TEL: 13 A ELEKTROMOS [&hellip;]<\/p>\n","protected":false},"featured_media":1247,"comment_status":"open","ping_status":"closed","template":"","meta":[],"product_brand":[],"product_cat":[21],"product_tag":[25],"class_list":{"0":"post-482","1":"product","2":"type-product","3":"status-publish","4":"has-post-thumbnail","6":"product_cat-klima-fisher","7":"product_tag-fisher","9":"first","10":"instock","11":"shipping-taxable","12":"purchasable","13":"product-type-simple"},"_links":{"self":[{"href":"https:\/\/blueklima.hu\/index.php?rest_route=\/wp\/v2\/product\/482","targetHints":{"allow":["GET"]}}],"collection":[{"href":"https:\/\/blueklima.hu\/index.php?rest_route=\/wp\/v2\/product"}],"about":[{"href":"https:\/\/blueklima.hu\/index.php?rest_route=\/wp\/v2\/types\/product"}],"replies":[{"embeddable":true,"href":"https:\/\/blueklima.hu\/index.php?rest_route=%2Fwp%2Fv2%2Fcomments&post=482"}],"wp:featuredmedia":[{"embeddable":true,"href":"https:\/\/blueklima.hu\/index.php?rest_route=\/wp\/v2\/media\/1247"}],"wp:attachment":[{"href":"https:\/\/blueklima.hu\/index.php?rest_route=%2Fwp%2Fv2%2Fmedia&parent=482"}],"wp:term":[{"taxonomy":"product_brand","embeddable":true,"href":"https:\/\/blueklima.hu\/index.php?rest_route=%2Fwp%2Fv2%2Fproduct_brand&post=482"},{"taxonomy":"product_cat","embeddable":true,"href":"https:\/\/blueklima.hu\/index.php?rest_route=%2Fwp%2Fv2%2Fproduct_cat&post=482"},{"taxonomy":"product_tag","embeddable":true,"href":"https:\/\/blueklima.hu\/index.php?rest_route=%2Fwp%2Fv2%2Fproduct_tag&post=482"}],"curies":[{"name":"wp","href":"https:\/\/api.w.org\/{rel}","templated":true}]}}