{"id":486,"date":"2022-03-30T13:31:14","date_gmt":"2022-03-30T13:31:14","guid":{"rendered":"http:\/\/blueklima.hu\/?post_type=product&#038;p=486"},"modified":"2025-02-16T18:14:51","modified_gmt":"2025-02-16T18:14:51","slug":"fisher-fskif-12ce3-fsoif-120ce3-35kw","status":"publish","type":"product","link":"https:\/\/blueklima.hu\/?product=fisher-fskif-12ce3-fsoif-120ce3-35kw","title":{"rendered":"Fisher FSKIF-12CE3\/FSOIF-120CE3 3,5KW"},"content":{"rendered":"<table width=\"455\">\n<tbody>\n<tr>\n<td>Szerel\u00e9si poz\u00edci\u00f3:<\/td>\n<td>Kazett\u00e1s (\u00e1lmennyezetbe s\u00fcllyeszthet\u0151)<\/td>\n<\/tr>\n<tr>\n<td>Sz\u00edn:<\/td>\n<td>Feh\u00e9r<\/td>\n<\/tr>\n<tr>\n<td>H\u0171t\u0151teljes\u00edtm\u00e9ny (kW):<\/td>\n<td>3.5<\/td>\n<\/tr>\n<tr>\n<td>F\u0171t\u0151teljes\u00edtm\u00e9ny (kW):<\/td>\n<td>4.1<\/td>\n<\/tr>\n<tr>\n<td>H\u0171t\u00e9si energiaoszt\u00e1ly:<\/td>\n<td>A++<\/td>\n<\/tr>\n<tr>\n<td>F\u0171t\u00e9si energiaoszt\u00e1ly:<\/td>\n<td>A++<\/td>\n<\/tr>\n<tr>\n<td>F\u0170T\u00c9SI HAT\u00c1SFOK (SEER):<\/td>\n<td>7.8<\/td>\n<\/tr>\n<tr>\n<td>F\u0170T\u00c9SI HAT\u00c1SFOK (SCOP):<\/td>\n<td>4.6<\/td>\n<\/tr>\n<tr>\n<td>H\u0170T\u0150K\u00d6ZEG T\u00cdPUSA:<\/td>\n<td>R32<\/td>\n<\/tr>\n<tr>\n<td>H\u0170T\u0150K\u00d6ZEG T\u00d6LTET:<\/td>\n<td>Nincs adat<\/td>\n<\/tr>\n<tr>\n<td>CO\u2082 EGYEN\u00c9RT\u00c9K (T):<\/td>\n<td>Nincs adat<\/td>\n<\/tr>\n<tr>\n<td>\u00c1RAMFOGYASZT\u00c1S &#8211; H\u0170T\u00c9S:<\/td>\n<td>157 kWh\/\u00e9v<\/td>\n<\/tr>\n<tr>\n<td>\u00c1RAMFOGYASZT\u00c1S &#8211; F\u0170T\u00c9S:<\/td>\n<td>959 kWh\/\u00e9v<\/td>\n<\/tr>\n<tr>\n<td>\u00dcZEMI TELJES\u00cdTM\u00c9NYFELV\u00c9TEL:<\/td>\n<td>Nincs adat<\/td>\n<\/tr>\n<tr>\n<td>\u00dcZEMI \u00c1RAMFELV\u00c9TEL:<\/td>\n<td>Nincs adat<\/td>\n<\/tr>\n<tr>\n<td>MAX. \u00c1RAMFELV\u00c9TEL:<\/td>\n<td>Nincs adat<\/td>\n<\/tr>\n<tr>\n<td>ELEKTROMOS CSATLAKOZ\u00c1S:<\/td>\n<td>230 V, 1 f\u00e1zis, 50 Hz, C 16A biztos\u00edt\u00e9k<\/td>\n<\/tr>\n<tr>\n<td>H\u00c1L\u00d3ZATI BEK\u00d6T\u00c9S:<\/td>\n<td>Nincs adat<\/td>\n<\/tr>\n<tr>\n<td>EGYS\u00c9GEK \u00d6SSZEK\u00d6T\u00c9SE:<\/td>\n<td>Nincs adat<\/td>\n<\/tr>\n<tr>\n<td>MAX. \u00d6SSZ. CS\u0150HOSSZ (M):<\/td>\n<td>25<\/td>\n<\/tr>\n<tr>\n<td>MAX. SZINTK\u00dcL\u00d6NBS\u00c9G (M):<\/td>\n<td>10<\/td>\n<\/tr>\n<tr>\n<td>CS\u0150M\u00c9RETEK:<\/td>\n<td>6.35\/9.52 mm<\/td>\n<\/tr>\n<tr>\n<td>K\u00dcLS\u0150 H\u0150M\u00c9RS\u00c9KLET:<\/td>\n<td>H\u0171t\u00e9s: -15 ~ 50\u00b0C, f\u0171t\u00e9s: -15 ~ 24\u00b0C<\/td>\n<\/tr>\n<tr>\n<td>BELS\u0150 H\u0150M\u00c9RS\u00c9KLET:<\/td>\n<td>H\u0171t\u00e9s: 17 ~ 32\u00b0C, f\u0171t\u00e9s: 0 ~ 30\u00b0C<\/td>\n<\/tr>\n<tr>\n<td>BIVALENS H\u0150M\u00c9RS\u00c9KLET:<\/td>\n<td>-8\u00b0C<\/td>\n<\/tr>\n<tr>\n<td>TERVEZ\u00c9SI H\u0150M\u00c9RS\u00c9KLET (TH):<\/td>\n<td>-10\u00b0C<\/td>\n<\/tr>\n<tr>\n<td>TH N\u00c9VLEGES F\u0170T\u0150TELJES\u00cdTM\u00c9NY:<\/td>\n<td>3.06 kW<\/td>\n<\/tr>\n<tr>\n<td>TH SZ\u00dcKS\u00c9GES R\u00c1SEG\u00cdT\u0150-F\u0170T\u00c9S:<\/td>\n<td>0.04 kW<\/td>\n<\/tr>\n<tr>\n<td>HANGTELJES\u00cdTM\u00c9NYSZINT:<\/td>\n<td>Belt\u00e9ri: 51 dB(A), k\u00fclt\u00e9ri: 53 dB(A)<\/td>\n<\/tr>\n<tr>\n<td>HANGNYOM\u00c1SSZINT:<\/td>\n<td>Belt\u00e9ri: 35\/39\/43 dB(A), k\u00fclt\u00e9ri: Ismeretlen dB(A)<\/td>\n<\/tr>\n<tr>\n<td>WIFI<\/td>\n<td>Nincs<\/td>\n<\/tr>\n<tr>\n<td>BELT\u00c9RI SZ\u00c9LESS\u00c9GE:<\/td>\n<td>570 mm<\/td>\n<\/tr>\n<tr>\n<td>BELT\u00c9RI MAGASS\u00c1GA:<\/td>\n<td>570 mm<\/td>\n<\/tr>\n<tr>\n<td>BELT\u00c9RI M\u00c9LYS\u00c9GE:<\/td>\n<td>260 mm<\/td>\n<\/tr>\n<tr>\n<td>BELT\u00c9RI S\u00daLYA (KG):<\/td>\n<td>18.7<\/td>\n<\/tr>\n<tr>\n<td>K\u00dcLT\u00c9RI SZ\u00c9LESS\u00c9GE:<\/td>\n<td>800 mm<\/td>\n<\/tr>\n<tr>\n<td>K\u00dcLT\u00c9RI MAGASS\u00c1GA:<\/td>\n<td>554 mm<\/td>\n<\/tr>\n<tr>\n<td>K\u00dcLT\u00c9RI M\u00c9LYS\u00c9GE:<\/td>\n<td>333 mm<\/td>\n<\/tr>\n<tr>\n<td>K\u00dcLT\u00c9RI S\u00daLYA (KG):<\/td>\n<td>34.7<\/td>\n<\/tr>\n<\/tbody>\n<\/table>\n","protected":false},"excerpt":{"rendered":"<p>Szerel\u00e9si poz\u00edci\u00f3: Kazett\u00e1s (\u00e1lmennyezetbe s\u00fcllyeszthet\u0151) Sz\u00edn: Feh\u00e9r H\u0171t\u0151teljes\u00edtm\u00e9ny (kW): 3.5 F\u0171t\u0151teljes\u00edtm\u00e9ny (kW): 4.1 H\u0171t\u00e9si energiaoszt\u00e1ly: A++ F\u0171t\u00e9si energiaoszt\u00e1ly: A++ F\u0170T\u00c9SI HAT\u00c1SFOK (SEER): 7.8 F\u0170T\u00c9SI HAT\u00c1SFOK (SCOP): 4.6 H\u0170T\u0150K\u00d6ZEG T\u00cdPUSA: R32 H\u0170T\u0150K\u00d6ZEG T\u00d6LTET: Nincs adat CO\u2082 EGYEN\u00c9RT\u00c9K (T): Nincs adat \u00c1RAMFOGYASZT\u00c1S &#8211; H\u0170T\u00c9S: 157 kWh\/\u00e9v \u00c1RAMFOGYASZT\u00c1S &#8211; F\u0170T\u00c9S: 959 kWh\/\u00e9v \u00dcZEMI TELJES\u00cdTM\u00c9NYFELV\u00c9TEL: Nincs adat \u00dcZEMI \u00c1RAMFELV\u00c9TEL: [&hellip;]<\/p>\n","protected":false},"featured_media":488,"comment_status":"open","ping_status":"closed","template":"","meta":[],"product_brand":[],"product_cat":[21],"product_tag":[25],"class_list":{"0":"post-486","1":"product","2":"type-product","3":"status-publish","4":"has-post-thumbnail","6":"product_cat-klima-fisher","7":"product_tag-fisher","9":"first","10":"instock","11":"shipping-taxable","12":"purchasable","13":"product-type-simple"},"_links":{"self":[{"href":"https:\/\/blueklima.hu\/index.php?rest_route=\/wp\/v2\/product\/486","targetHints":{"allow":["GET"]}}],"collection":[{"href":"https:\/\/blueklima.hu\/index.php?rest_route=\/wp\/v2\/product"}],"about":[{"href":"https:\/\/blueklima.hu\/index.php?rest_route=\/wp\/v2\/types\/product"}],"replies":[{"embeddable":true,"href":"https:\/\/blueklima.hu\/index.php?rest_route=%2Fwp%2Fv2%2Fcomments&post=486"}],"wp:featuredmedia":[{"embeddable":true,"href":"https:\/\/blueklima.hu\/index.php?rest_route=\/wp\/v2\/media\/488"}],"wp:attachment":[{"href":"https:\/\/blueklima.hu\/index.php?rest_route=%2Fwp%2Fv2%2Fmedia&parent=486"}],"wp:term":[{"taxonomy":"product_brand","embeddable":true,"href":"https:\/\/blueklima.hu\/index.php?rest_route=%2Fwp%2Fv2%2Fproduct_brand&post=486"},{"taxonomy":"product_cat","embeddable":true,"href":"https:\/\/blueklima.hu\/index.php?rest_route=%2Fwp%2Fv2%2Fproduct_cat&post=486"},{"taxonomy":"product_tag","embeddable":true,"href":"https:\/\/blueklima.hu\/index.php?rest_route=%2Fwp%2Fv2%2Fproduct_tag&post=486"}],"curies":[{"name":"wp","href":"https:\/\/api.w.org\/{rel}","templated":true}]}}