{"id":501,"date":"2022-03-30T13:43:04","date_gmt":"2022-03-30T13:43:04","guid":{"rendered":"http:\/\/blueklima.hu\/?post_type=product&#038;p=501"},"modified":"2025-02-16T18:16:46","modified_gmt":"2025-02-16T18:16:46","slug":"daikin-sensira-ftxf35d-rxf35d","status":"publish","type":"product","link":"https:\/\/blueklima.hu\/?product=daikin-sensira-ftxf35d-rxf35d","title":{"rendered":"Daikin SENSIRA FTXF35D-RXF35D"},"content":{"rendered":"<p>Kivitel :\u00a0<strong>Oldalfali inverteres kl\u00edma<\/strong><\/p>\n<p>Helyis\u00e9g m\u00e9ret :\u00a0<strong>29 &#8211; 45 m2<\/strong><\/p>\n<p>F\u0171t\u0151 teljes\u00edtm\u00e9ny :\u00a0<strong>3,5 (1,3-4,8) kW<\/strong><\/p>\n<p>H\u0171t\u0151 teljes\u00edtm\u00e9ny :\u00a0<strong>3,3 (1,3-3,8) kW<\/strong><\/p>\n<p>Felhaszn\u00e1l\u00e1s :\u00a0<strong>Csal\u00e1dih\u00e1z, Lak\u00e1s<\/strong><\/p>\n<p>SEER :\u00a0<strong>6,21<\/strong><\/p>\n<p>SCOP :\u00a0<strong>4,06<\/strong><\/p>\n<p>24 \u00f3r\u00e1s id\u0151z\u00edt\u0151<\/p>\n<p>Belt\u00e9ri egys\u00e9g csendes \u00fczemm\u00f3d<\/p>\n<p>Gazdas\u00e1gos \u00fczemm\u00f3d<\/p>\n<p>Komfort l\u00e9g\u00e1raml\u00e1s \u00fczemm\u00f3d<\/p>\n<p>K\u00fclt\u00e9ri egys\u00e9g csendes \u00fczemm\u00f3d<\/p>\n<p>Nagyteljes\u00edtm\u00e9ny\u0171 \u00fczemm\u00f3d<\/p>\n<p>Antibakteri\u00e1lis l\u00e9gtiszt\u00edt\u00f3 sz\u0171r\u0151<\/p>\n<p>Automata \u00fajraind\u00edt\u00e1s<\/p>\n<p>Automata \u00fczemm\u00f3dv\u00e1lt\u00e1s<\/p>\n<p>Automatikus ventill\u00e1torsebess\u00e9g<\/p>\n<p>Csak ventill\u00e1tor<\/p>\n<p>DC inverter<\/p>\n<p>Econo \u00fczemm\u00f3d<\/p>\n<p>Energiatakar\u00e9kos m\u0171k\u00f6d\u00e9s<\/p>\n<p>F\u0171t\u00e9s, -15\u00b0C k\u00fcls\u0151 k\u00f6rnyezeti h\u0151m\u00e9rs\u00e9kletig<\/p>\n<p>H\u0171t\u0151 \/ f\u0171t\u0151 kivitel<\/p>\n<p>Id\u0151z\u00edt\u0151<\/p>\n<p>Inverter technol\u00f3gia<\/p>\n<p>K\u00f6rnyezetbar\u00e1t R32 h\u0171t\u0151k\u00f6zeg<\/p>\n<p>\u00d6ndiagnosztika funkci\u00f3<\/p>\n<p>Opcion\u00e1lis online vez\u00e9rl\u00e9s okostelefonr\u00f3l<\/p>\n<p>P\u00e1r\u00e1tlan\u00edt\u00e1s<\/p>\n<p>Powerful \u00fczemm\u00f3d<\/p>\n<p>T\u00e1vir\u00e1ny\u00edt\u00f3s oldalfali inverteres splitkl\u00edma berendez\u00e9s<\/p>\n","protected":false},"excerpt":{"rendered":"<p>Kivitel :\u00a0Oldalfali inverteres kl\u00edma Helyis\u00e9g m\u00e9ret :\u00a029 &#8211; 45 m2 F\u0171t\u0151 teljes\u00edtm\u00e9ny :\u00a03,5 (1,3-4,8) kW H\u0171t\u0151 teljes\u00edtm\u00e9ny :\u00a03,3 (1,3-3,8) kW Felhaszn\u00e1l\u00e1s :\u00a0Csal\u00e1dih\u00e1z, Lak\u00e1s SEER :\u00a06,21 SCOP :\u00a04,06 24 \u00f3r\u00e1s id\u0151z\u00edt\u0151 Belt\u00e9ri egys\u00e9g csendes \u00fczemm\u00f3d Gazdas\u00e1gos \u00fczemm\u00f3d Komfort l\u00e9g\u00e1raml\u00e1s \u00fczemm\u00f3d K\u00fclt\u00e9ri egys\u00e9g csendes \u00fczemm\u00f3d Nagyteljes\u00edtm\u00e9ny\u0171 \u00fczemm\u00f3d Antibakteri\u00e1lis l\u00e9gtiszt\u00edt\u00f3 sz\u0171r\u0151 Automata \u00fajraind\u00edt\u00e1s Automata \u00fczemm\u00f3dv\u00e1lt\u00e1s Automatikus ventill\u00e1torsebess\u00e9g Csak [&hellip;]<\/p>\n","protected":false},"featured_media":503,"comment_status":"open","ping_status":"closed","template":"","meta":[],"product_brand":[],"product_cat":[19],"product_tag":[26],"class_list":{"0":"post-501","1":"product","2":"type-product","3":"status-publish","4":"has-post-thumbnail","6":"product_cat-klima-daikin","7":"product_tag-daikin","9":"first","10":"instock","11":"shipping-taxable","12":"purchasable","13":"product-type-simple"},"_links":{"self":[{"href":"https:\/\/blueklima.hu\/index.php?rest_route=\/wp\/v2\/product\/501","targetHints":{"allow":["GET"]}}],"collection":[{"href":"https:\/\/blueklima.hu\/index.php?rest_route=\/wp\/v2\/product"}],"about":[{"href":"https:\/\/blueklima.hu\/index.php?rest_route=\/wp\/v2\/types\/product"}],"replies":[{"embeddable":true,"href":"https:\/\/blueklima.hu\/index.php?rest_route=%2Fwp%2Fv2%2Fcomments&post=501"}],"wp:featuredmedia":[{"embeddable":true,"href":"https:\/\/blueklima.hu\/index.php?rest_route=\/wp\/v2\/media\/503"}],"wp:attachment":[{"href":"https:\/\/blueklima.hu\/index.php?rest_route=%2Fwp%2Fv2%2Fmedia&parent=501"}],"wp:term":[{"taxonomy":"product_brand","embeddable":true,"href":"https:\/\/blueklima.hu\/index.php?rest_route=%2Fwp%2Fv2%2Fproduct_brand&post=501"},{"taxonomy":"product_cat","embeddable":true,"href":"https:\/\/blueklima.hu\/index.php?rest_route=%2Fwp%2Fv2%2Fproduct_cat&post=501"},{"taxonomy":"product_tag","embeddable":true,"href":"https:\/\/blueklima.hu\/index.php?rest_route=%2Fwp%2Fv2%2Fproduct_tag&post=501"}],"curies":[{"name":"wp","href":"https:\/\/api.w.org\/{rel}","templated":true}]}}