{"id":512,"date":"2022-03-30T13:45:19","date_gmt":"2022-03-30T13:45:19","guid":{"rendered":"http:\/\/blueklima.hu\/?post_type=product&#038;p=512"},"modified":"2025-02-21T22:07:03","modified_gmt":"2025-02-21T22:07:03","slug":"daikin-comfora-ftxp35m-rxp35m","status":"publish","type":"product","link":"https:\/\/blueklima.hu\/?product=daikin-comfora-ftxp35m-rxp35m","title":{"rendered":"DAIKIN Comfora FTXP35M-RXP35M"},"content":{"rendered":"<ul>\n<li>3,5 kW h\u0171t\u00e9si teljes\u00edtm\u00e9ny<\/li>\n<li>4 kW f\u0171t\u00e9si teljes\u00edtm\u00e9ny<\/li>\n<li>WiFi funkci\u00f3,<\/li>\n<li>ez\u00fcst allerg\u00e9nelt\u00e1vol\u00edt\u00f3 \u00e9s l\u00e9gtiszt\u00edt\u00f3 sz\u0171r\u0151,<\/li>\n<li>tit\u00e1nium-apatit fotokatalitikus filter,<\/li>\n<li>3D l\u00e9g\u00e1ram,<\/li>\n<li>Econo \u00fczemm\u00f3d,<\/li>\n<li>ventil\u00e1tor funkci\u00f3,<\/li>\n<li>automatikus ventil\u00e1tor sebess\u00e9g be\u00e1ll\u00edt\u00e1s,<\/li>\n<li>csendes \u00fczemm\u00f3d,<\/li>\n<li>napi- \u00e9s heti id\u0151z\u00edt\u0151 funkci\u00f3,<\/li>\n<li>\u00e9jszakai \u00fczemm\u00f3d,<\/li>\n<li>automatikus \u00fajraindul\u00e1s \u00e1ramkimarad\u00e1s ut\u00e1n,<\/li>\n<li>\u00f6ndiagn\u00f3zis,<\/li>\n<li>p\u00e1r\u00e1tlan\u00edt\u00f3 funkci\u00f3,<\/li>\n<li>m\u0171k\u00f6d\u00e9si tartom\u00e1ny (h\u0171t\u00e9s\/f\u0171t\u00e9s): -10 &#8211; 46 C \/ -15 &#8211; 18 C,<\/li>\n<li>h\u0171t\u0151k\u00f6zeg: R32<\/li>\n<\/ul>\n","protected":false},"excerpt":{"rendered":"<p>3,5 kW h\u0171t\u00e9si teljes\u00edtm\u00e9ny 4 kW f\u0171t\u00e9si teljes\u00edtm\u00e9ny WiFi funkci\u00f3, ez\u00fcst allerg\u00e9nelt\u00e1vol\u00edt\u00f3 \u00e9s l\u00e9gtiszt\u00edt\u00f3 sz\u0171r\u0151, tit\u00e1nium-apatit fotokatalitikus filter, 3D l\u00e9g\u00e1ram, Econo \u00fczemm\u00f3d, ventil\u00e1tor funkci\u00f3, automatikus ventil\u00e1tor sebess\u00e9g be\u00e1ll\u00edt\u00e1s, csendes \u00fczemm\u00f3d, napi- \u00e9s heti id\u0151z\u00edt\u0151 funkci\u00f3, \u00e9jszakai \u00fczemm\u00f3d, automatikus \u00fajraindul\u00e1s \u00e1ramkimarad\u00e1s ut\u00e1n, \u00f6ndiagn\u00f3zis, p\u00e1r\u00e1tlan\u00edt\u00f3 funkci\u00f3, m\u0171k\u00f6d\u00e9si tartom\u00e1ny (h\u0171t\u00e9s\/f\u0171t\u00e9s): -10 &#8211; 46 C \/ -15 &#8211; 18 [&hellip;]<\/p>\n","protected":false},"featured_media":1400,"comment_status":"open","ping_status":"closed","template":"","meta":[],"product_brand":[],"product_cat":[19],"product_tag":[26],"class_list":{"0":"post-512","1":"product","2":"type-product","3":"status-publish","4":"has-post-thumbnail","6":"product_cat-klima-daikin","7":"product_tag-daikin","9":"first","10":"instock","11":"shipping-taxable","12":"purchasable","13":"product-type-simple"},"_links":{"self":[{"href":"https:\/\/blueklima.hu\/index.php?rest_route=\/wp\/v2\/product\/512","targetHints":{"allow":["GET"]}}],"collection":[{"href":"https:\/\/blueklima.hu\/index.php?rest_route=\/wp\/v2\/product"}],"about":[{"href":"https:\/\/blueklima.hu\/index.php?rest_route=\/wp\/v2\/types\/product"}],"replies":[{"embeddable":true,"href":"https:\/\/blueklima.hu\/index.php?rest_route=%2Fwp%2Fv2%2Fcomments&post=512"}],"wp:featuredmedia":[{"embeddable":true,"href":"https:\/\/blueklima.hu\/index.php?rest_route=\/wp\/v2\/media\/1400"}],"wp:attachment":[{"href":"https:\/\/blueklima.hu\/index.php?rest_route=%2Fwp%2Fv2%2Fmedia&parent=512"}],"wp:term":[{"taxonomy":"product_brand","embeddable":true,"href":"https:\/\/blueklima.hu\/index.php?rest_route=%2Fwp%2Fv2%2Fproduct_brand&post=512"},{"taxonomy":"product_cat","embeddable":true,"href":"https:\/\/blueklima.hu\/index.php?rest_route=%2Fwp%2Fv2%2Fproduct_cat&post=512"},{"taxonomy":"product_tag","embeddable":true,"href":"https:\/\/blueklima.hu\/index.php?rest_route=%2Fwp%2Fv2%2Fproduct_tag&post=512"}],"curies":[{"name":"wp","href":"https:\/\/api.w.org\/{rel}","templated":true}]}}