{"id":523,"date":"2022-03-30T13:48:29","date_gmt":"2022-03-30T13:48:29","guid":{"rendered":"http:\/\/blueklima.hu\/?post_type=product&#038;p=523"},"modified":"2025-02-21T22:20:26","modified_gmt":"2025-02-21T22:20:26","slug":"daikin-perfera-ftxm35r-rxm35r","status":"publish","type":"product","link":"https:\/\/blueklima.hu\/?product=daikin-perfera-ftxm35r-rxm35r","title":{"rendered":"DAIKIN PERFERA FTXM35R-RXM35R"},"content":{"rendered":"<table class=\"parameter-table table m-0\" style=\"height: 440px;\" width=\"524\">\n<tbody>\n<tr>\n<td>H\u0171tend\u0151 ter\u00fclet m2-ben<\/td>\n<td><strong>16-35<\/strong><\/td>\n<\/tr>\n<tr>\n<td>H\u0171t\u0151teljes\u00edtm\u00e9ny<\/td>\n<td><strong>3,4 kW<\/strong><\/td>\n<\/tr>\n<tr>\n<td>F\u0171t\u0151teljes\u00edtm\u00e9ny<\/td>\n<td><strong>4 kW<\/strong><\/td>\n<\/tr>\n<tr>\n<td>SEER\/SCOP<\/td>\n<td><strong>8,51\/5,1<\/strong><\/td>\n<\/tr>\n<tr>\n<td>Energiaoszt\u00e1ly<\/td>\n<td><strong>&#8222;A+++&#8221;<\/strong><\/td>\n<\/tr>\n<tr>\n<td>Belt\u00e9ri egys\u00e9g m\u00e9rete (sz\u00e9lxm\u00e9lyxmag)<\/td>\n<td><strong>811x272x294 mm<\/strong><\/td>\n<\/tr>\n<tr>\n<td>K\u00fclt\u00e9ri egys\u00e9g m\u00e9rete (sz\u00e9lxm\u00e9lyxmag)<\/td>\n<td><strong>765x285x550 mm<\/strong><\/td>\n<\/tr>\n<tr>\n<td>Belt\u00e9ri egys\u00e9g zajszint<\/td>\n<td><strong>19-45 dB(A)<\/strong><\/td>\n<\/tr>\n<tr>\n<td>K\u00fclt\u00e9ri egys\u00e9g zajszint<\/td>\n<td><strong>45 dB(A)<\/strong><\/td>\n<\/tr>\n<tr>\n<td>Belt\u00e9ri egys\u00e9g s\u00falya<\/td>\n<td><strong>10 kg<\/strong><\/td>\n<\/tr>\n<tr>\n<td>K\u00fclt\u00e9ri egys\u00e9g s\u00falya<\/td>\n<td><strong>32 kg<\/strong><\/td>\n<\/tr>\n<tr>\n<td>H\u0171t\u0151k\u00f6zeg<\/td>\n<td><strong>R32<\/strong><\/td>\n<\/tr>\n<tr>\n<td>Cs\u0151m\u00e9ret folyad\u00e9k<\/td>\n<td><strong>6 mm<\/strong><\/td>\n<\/tr>\n<tr>\n<td>Cs\u0151m\u00e9ret g\u00e1z<\/td>\n<td><strong>10 mm<\/strong><\/td>\n<\/tr>\n<tr>\n<td>H\u0171t\u0151\/f\u0171t\u0151<\/td>\n<td><strong>Igen<\/strong><\/td>\n<\/tr>\n<\/tbody>\n<\/table>\n","protected":false},"excerpt":{"rendered":"<p>H\u0171tend\u0151 ter\u00fclet m2-ben 16-35 H\u0171t\u0151teljes\u00edtm\u00e9ny 3,4 kW F\u0171t\u0151teljes\u00edtm\u00e9ny 4 kW SEER\/SCOP 8,51\/5,1 Energiaoszt\u00e1ly &#8222;A+++&#8221; Belt\u00e9ri egys\u00e9g m\u00e9rete (sz\u00e9lxm\u00e9lyxmag) 811x272x294 mm K\u00fclt\u00e9ri egys\u00e9g m\u00e9rete (sz\u00e9lxm\u00e9lyxmag) 765x285x550 mm Belt\u00e9ri egys\u00e9g zajszint 19-45 dB(A) K\u00fclt\u00e9ri egys\u00e9g zajszint 45 dB(A) Belt\u00e9ri egys\u00e9g s\u00falya 10 kg K\u00fclt\u00e9ri egys\u00e9g s\u00falya 32 kg H\u0171t\u0151k\u00f6zeg R32 Cs\u0151m\u00e9ret folyad\u00e9k 6 mm Cs\u0151m\u00e9ret g\u00e1z 10 [&hellip;]<\/p>\n","protected":false},"featured_media":1406,"comment_status":"open","ping_status":"closed","template":"","meta":[],"product_brand":[],"product_cat":[19],"product_tag":[26],"class_list":{"0":"post-523","1":"product","2":"type-product","3":"status-publish","4":"has-post-thumbnail","6":"product_cat-klima-daikin","7":"product_tag-daikin","9":"first","10":"instock","11":"shipping-taxable","12":"purchasable","13":"product-type-simple"},"_links":{"self":[{"href":"https:\/\/blueklima.hu\/index.php?rest_route=\/wp\/v2\/product\/523","targetHints":{"allow":["GET"]}}],"collection":[{"href":"https:\/\/blueklima.hu\/index.php?rest_route=\/wp\/v2\/product"}],"about":[{"href":"https:\/\/blueklima.hu\/index.php?rest_route=\/wp\/v2\/types\/product"}],"replies":[{"embeddable":true,"href":"https:\/\/blueklima.hu\/index.php?rest_route=%2Fwp%2Fv2%2Fcomments&post=523"}],"wp:featuredmedia":[{"embeddable":true,"href":"https:\/\/blueklima.hu\/index.php?rest_route=\/wp\/v2\/media\/1406"}],"wp:attachment":[{"href":"https:\/\/blueklima.hu\/index.php?rest_route=%2Fwp%2Fv2%2Fmedia&parent=523"}],"wp:term":[{"taxonomy":"product_brand","embeddable":true,"href":"https:\/\/blueklima.hu\/index.php?rest_route=%2Fwp%2Fv2%2Fproduct_brand&post=523"},{"taxonomy":"product_cat","embeddable":true,"href":"https:\/\/blueklima.hu\/index.php?rest_route=%2Fwp%2Fv2%2Fproduct_cat&post=523"},{"taxonomy":"product_tag","embeddable":true,"href":"https:\/\/blueklima.hu\/index.php?rest_route=%2Fwp%2Fv2%2Fproduct_tag&post=523"}],"curies":[{"name":"wp","href":"https:\/\/api.w.org\/{rel}","templated":true}]}}