{"id":525,"date":"2022-03-30T13:49:09","date_gmt":"2022-03-30T13:49:09","guid":{"rendered":"http:\/\/blueklima.hu\/?post_type=product&#038;p=525"},"modified":"2025-02-16T18:20:29","modified_gmt":"2025-02-16T18:20:29","slug":"perfera-parapet-fvxm25f-rxm25r","status":"publish","type":"product","link":"https:\/\/blueklima.hu\/?product=perfera-parapet-fvxm25f-rxm25r","title":{"rendered":"Daikin Perfera Parapet FVXM25F-RXM25R"},"content":{"rendered":"<p>Kivitel :\u00a0<strong>Mennyezeti\/parapet kl\u00edma<\/strong><\/p>\n<p>Helyis\u00e9g m\u00e9ret :\u00a0<strong>8 &#8211; 28 m2<\/strong><\/p>\n<p>F\u0171t\u0151 teljes\u00edtm\u00e9ny :\u00a0<strong>3,4 (1,3-4,5) kW<\/strong><\/p>\n<p>H\u0171t\u0151 teljes\u00edtm\u00e9ny :\u00a0<strong>2,5 (1,3-3,0) kW<\/strong><\/p>\n<p>Felhaszn\u00e1l\u00e1s :\u00a0<strong>Csal\u00e1dih\u00e1z, Lak\u00e1s<\/strong><\/p>\n<p>SEER :\u00a0<strong>5,74<\/strong><\/p>\n<p>SCOP :\u00a0<strong>4,56<\/strong><\/p>\n<p>24 \u00f3r\u00e1s id\u0151z\u00edt\u0151<\/p>\n<p>Belt\u00e9ri egys\u00e9g csendes \u00fczemm\u00f3d<\/p>\n<p>Gazdas\u00e1gos \u00fczemm\u00f3d<\/p>\n<p>Heti id\u0151z\u00edt\u0151<\/p>\n<p>Komfort l\u00e9g\u00e1raml\u00e1s \u00fczemm\u00f3d<\/p>\n<p>K\u00fclt\u00e9ri egys\u00e9g csendes \u00fczemm\u00f3d<\/p>\n<p>Multi-split alkalmaz\u00e1s<\/p>\n<p>Nagyteljes\u00edtm\u00e9ny\u0171 \u00fczemm\u00f3d<\/p>\n<p>Online szab\u00e1lyoz\u00e1si lehet\u0151s\u00e9g<\/p>\n","protected":false},"excerpt":{"rendered":"<p>Kivitel :\u00a0Mennyezeti\/parapet kl\u00edma Helyis\u00e9g m\u00e9ret :\u00a08 &#8211; 28 m2 F\u0171t\u0151 teljes\u00edtm\u00e9ny :\u00a03,4 (1,3-4,5) kW H\u0171t\u0151 teljes\u00edtm\u00e9ny :\u00a02,5 (1,3-3,0) kW Felhaszn\u00e1l\u00e1s :\u00a0Csal\u00e1dih\u00e1z, Lak\u00e1s SEER :\u00a05,74 SCOP :\u00a04,56 24 \u00f3r\u00e1s id\u0151z\u00edt\u0151 Belt\u00e9ri egys\u00e9g csendes \u00fczemm\u00f3d Gazdas\u00e1gos \u00fczemm\u00f3d Heti id\u0151z\u00edt\u0151 Komfort l\u00e9g\u00e1raml\u00e1s \u00fczemm\u00f3d K\u00fclt\u00e9ri egys\u00e9g csendes \u00fczemm\u00f3d Multi-split alkalmaz\u00e1s Nagyteljes\u00edtm\u00e9ny\u0171 \u00fczemm\u00f3d Online szab\u00e1lyoz\u00e1si lehet\u0151s\u00e9g<\/p>\n","protected":false},"featured_media":527,"comment_status":"open","ping_status":"closed","template":"","meta":[],"product_brand":[],"product_cat":[19],"product_tag":[26],"class_list":{"0":"post-525","1":"product","2":"type-product","3":"status-publish","4":"has-post-thumbnail","6":"product_cat-klima-daikin","7":"product_tag-daikin","9":"first","10":"instock","11":"shipping-taxable","12":"purchasable","13":"product-type-simple"},"_links":{"self":[{"href":"https:\/\/blueklima.hu\/index.php?rest_route=\/wp\/v2\/product\/525","targetHints":{"allow":["GET"]}}],"collection":[{"href":"https:\/\/blueklima.hu\/index.php?rest_route=\/wp\/v2\/product"}],"about":[{"href":"https:\/\/blueklima.hu\/index.php?rest_route=\/wp\/v2\/types\/product"}],"replies":[{"embeddable":true,"href":"https:\/\/blueklima.hu\/index.php?rest_route=%2Fwp%2Fv2%2Fcomments&post=525"}],"wp:featuredmedia":[{"embeddable":true,"href":"https:\/\/blueklima.hu\/index.php?rest_route=\/wp\/v2\/media\/527"}],"wp:attachment":[{"href":"https:\/\/blueklima.hu\/index.php?rest_route=%2Fwp%2Fv2%2Fmedia&parent=525"}],"wp:term":[{"taxonomy":"product_brand","embeddable":true,"href":"https:\/\/blueklima.hu\/index.php?rest_route=%2Fwp%2Fv2%2Fproduct_brand&post=525"},{"taxonomy":"product_cat","embeddable":true,"href":"https:\/\/blueklima.hu\/index.php?rest_route=%2Fwp%2Fv2%2Fproduct_cat&post=525"},{"taxonomy":"product_tag","embeddable":true,"href":"https:\/\/blueklima.hu\/index.php?rest_route=%2Fwp%2Fv2%2Fproduct_tag&post=525"}],"curies":[{"name":"wp","href":"https:\/\/api.w.org\/{rel}","templated":true}]}}